{"id":1020,"date":"2017-03-10T21:11:21","date_gmt":"2017-03-10T21:11:21","guid":{"rendered":"https:\/\/about.myrx.care\/nouvelles\/"},"modified":"2023-02-22T16:11:32","modified_gmt":"2023-02-22T16:11:32","slug":"nouvelles","status":"publish","type":"page","link":"https:\/\/about.myrx.care\/fr\/nouvelles\/","title":{"rendered":"Nouvelles"},"content":{"rendered":"\n<p>Bienvenue dans la section &#8220;Actualit\u00e9s&#8221; de notre site web, o\u00f9 nous vous pr\u00e9sentons les derni\u00e8res mises \u00e0 jour sur les technologies de la sant\u00e9, les tendances du secteur et nos propres efforts pour fournir aux patients les services d&#8217;assistance financi\u00e8re dont ils ont tant besoin. En tant que soci\u00e9t\u00e9 engag\u00e9e dans l&#8217;am\u00e9lioration de l&#8217;acc\u00e8s aux soins de sant\u00e9 pour tous, nous nous effor\u00e7ons de rester au courant des derniers d\u00e9veloppements dans le secteur et de partager ces connaissances avec notre communaut\u00e9.<\/p>\n\n\n\n<p>Suivez notre section d&#8217;actualit\u00e9s pour rester inform\u00e9 et participer \u00e0 la conversation sur l&#8217;aide financi\u00e8re et le soutien aux patients au Canada.<\/p>\n","protected":false},"excerpt":{"rendered":"<p>Bienvenue dans la section &#8220;Actualit\u00e9s&#8221; de notre site web, o\u00f9 nous vous pr\u00e9sentons les derni\u00e8res mises \u00e0 jour sur les technologies de la sant\u00e9, les tendances du secteur et nos propres efforts pour fournir aux patients les services d&#8217;assistance financi\u00e8re dont ils ont tant besoin&#8230;.<\/p>\n","protected":false},"author":3,"featured_media":0,"parent":0,"menu_order":0,"comment_status":"closed","ping_status":"closed","template":"page-blog.php","meta":{"_coblocks_attr":"","_coblocks_dimensions":"","_coblocks_responsive_height":"","_coblocks_accordion_ie_support":"","footnotes":""},"class_list":["post-1020","page","type-page","status-publish","hentry"],"yoast_head":"<!-- This site is optimized with the Yoast SEO Premium plugin v27.4 (Yoast SEO v27.5) - https:\/\/yoast.com\/product\/yoast-seo-premium-wordpress\/ -->\n<title>Nouvelles<\/title>\n<meta name=\"description\" content=\"Bienvenue dans la section &quot;Actualit\u00e9s&quot; de notre site web, o\u00f9 nous vous pr\u00e9sentons les derni\u00e8res mises \u00e0 jour sur les technologies de la sant\u00e9, les tendances du secteur et nos propres efforts pour fournir aux patients les services d&#039;assistance financi\u00e8re dont ils ont tant besoin. En tant que soci\u00e9t\u00e9 engag\u00e9e dans l&#039;am\u00e9lioration de l&#039;acc\u00e8s aux soins de sant\u00e9 pour tous, nous nous effor\u00e7ons de rester au courant des derniers d\u00e9veloppements dans le secteur et de partager ces connaissances avec notre communaut\u00e9.Suivez notre section de nouvelles pour rester inform\u00e9 et engag\u00e9 dans la conversation sur l&#039;aide financi\u00e8re aux patients et le soutien aux patients au Canada.\" \/>\n<meta name=\"robots\" content=\"index, follow, max-snippet:-1, max-image-preview:large, max-video-preview:-1\" \/>\n<link rel=\"canonical\" href=\"https:\/\/about.myrx.care\/fr\/nouvelles\/\" \/>\n<meta property=\"og:locale\" content=\"fr_FR\" \/>\n<meta property=\"og:type\" content=\"article\" \/>\n<meta property=\"og:title\" content=\"Nouvelles\" \/>\n<meta property=\"og:description\" content=\"Bienvenue dans la section &quot;Actualit\u00e9s&quot; de notre site web, o\u00f9 nous vous pr\u00e9sentons les derni\u00e8res mises \u00e0 jour sur les technologies de la sant\u00e9, les tendances du secteur et nos propres efforts pour fournir aux patients les services d&#039;assistance financi\u00e8re dont ils ont tant besoin. En tant que soci\u00e9t\u00e9 engag\u00e9e dans l&#039;am\u00e9lioration de l&#039;acc\u00e8s aux soins de sant\u00e9 pour tous, nous nous effor\u00e7ons de rester au courant des derniers d\u00e9veloppements dans le secteur et de partager ces connaissances avec notre communaut\u00e9.Suivez notre section de nouvelles pour rester inform\u00e9 et engag\u00e9 dans la conversation sur l&#039;aide financi\u00e8re aux patients et le soutien aux patients au Canada.\" \/>\n<meta property=\"og:url\" content=\"https:\/\/about.myrx.care\/fr\/nouvelles\/\" \/>\n<meta property=\"og:site_name\" content=\"MyRx.care: Transforming the way pharmacies, payers and patients experience healthcare.\" \/>\n<meta property=\"article:publisher\" content=\"https:\/\/www.facebook.com\/profile.php?id=100089307620118\" \/>\n<meta property=\"article:modified_time\" content=\"2023-02-22T16:11:32+00:00\" \/>\n<meta name=\"twitter:card\" content=\"summary_large_image\" \/>\n<meta name=\"twitter:label1\" content=\"Dur\u00e9e de lecture estim\u00e9e\" \/>\n\t<meta name=\"twitter:data1\" content=\"1 minute\" \/>\n<script type=\"application\/ld+json\" class=\"yoast-schema-graph\">{\"@context\":\"https:\\\/\\\/schema.org\",\"@graph\":[{\"@type\":\"WebPage\",\"@id\":\"https:\\\/\\\/about.myrx.care\\\/fr\\\/nouvelles\\\/\",\"url\":\"https:\\\/\\\/about.myrx.care\\\/fr\\\/nouvelles\\\/\",\"name\":\"Nouvelles\",\"isPartOf\":{\"@id\":\"https:\\\/\\\/about.myrx.care\\\/#website\"},\"datePublished\":\"2017-03-10T21:11:21+00:00\",\"dateModified\":\"2023-02-22T16:11:32+00:00\",\"description\":\"Bienvenue dans la section \\\"Actualit\u00e9s\\\" de notre site web, o\u00f9 nous vous pr\u00e9sentons les derni\u00e8res mises \u00e0 jour sur les technologies de la sant\u00e9, les tendances du secteur et nos propres efforts pour fournir aux patients les services d'assistance financi\u00e8re dont ils ont tant besoin. En tant que soci\u00e9t\u00e9 engag\u00e9e dans l'am\u00e9lioration de l'acc\u00e8s aux soins de sant\u00e9 pour tous, nous nous effor\u00e7ons de rester au courant des derniers d\u00e9veloppements dans le secteur et de partager ces connaissances avec notre communaut\u00e9.Suivez notre section de nouvelles pour rester inform\u00e9 et engag\u00e9 dans la conversation sur l'aide financi\u00e8re aux patients et le soutien aux patients au Canada.\",\"breadcrumb\":{\"@id\":\"https:\\\/\\\/about.myrx.care\\\/fr\\\/nouvelles\\\/#breadcrumb\"},\"inLanguage\":\"fr-FR\",\"potentialAction\":[{\"@type\":\"ReadAction\",\"target\":[\"https:\\\/\\\/about.myrx.care\\\/fr\\\/nouvelles\\\/\"]}]},{\"@type\":\"BreadcrumbList\",\"@id\":\"https:\\\/\\\/about.myrx.care\\\/fr\\\/nouvelles\\\/#breadcrumb\",\"itemListElement\":[{\"@type\":\"ListItem\",\"position\":1,\"name\":\"Home\",\"item\":\"https:\\\/\\\/about.myrx.care\\\/fr\\\/\"},{\"@type\":\"ListItem\",\"position\":2,\"name\":\"Nouvelles\"}]},{\"@type\":\"WebSite\",\"@id\":\"https:\\\/\\\/about.myrx.care\\\/#website\",\"url\":\"https:\\\/\\\/about.myrx.care\\\/\",\"name\":\"MyRx Care\u2122 provides support services such as patient access to financial reimbursement and adherence tools.\",\"description\":\"Transforming the way pharmacies, payers and patients experience healthcare.\",\"publisher\":{\"@id\":\"https:\\\/\\\/about.myrx.care\\\/#organization\"},\"potentialAction\":[{\"@type\":\"SearchAction\",\"target\":{\"@type\":\"EntryPoint\",\"urlTemplate\":\"https:\\\/\\\/about.myrx.care\\\/?s={search_term_string}\"},\"query-input\":{\"@type\":\"PropertyValueSpecification\",\"valueRequired\":true,\"valueName\":\"search_term_string\"}}],\"inLanguage\":\"fr-FR\"},{\"@type\":\"Organization\",\"@id\":\"https:\\\/\\\/about.myrx.care\\\/#organization\",\"name\":\"MyRx Care\u2122 provides support services such as patient access to financial reimbursement and adherence tools.\",\"url\":\"https:\\\/\\\/about.myrx.care\\\/\",\"logo\":{\"@type\":\"ImageObject\",\"inLanguage\":\"fr-FR\",\"@id\":\"https:\\\/\\\/about.myrx.care\\\/#\\\/schema\\\/logo\\\/image\\\/\",\"url\":\"https:\\\/\\\/cxn093.p3cdn1.secureserver.net\\\/wp-content\\\/uploads\\\/2018\\\/08\\\/MyRx_logo-TM.png?time=1676299238\",\"contentUrl\":\"https:\\\/\\\/cxn093.p3cdn1.secureserver.net\\\/wp-content\\\/uploads\\\/2018\\\/08\\\/MyRx_logo-TM.png?time=1676299238\",\"width\":512,\"height\":512,\"caption\":\"MyRx Care\u2122 provides support services such as patient access to financial reimbursement and adherence tools.\"},\"image\":{\"@id\":\"https:\\\/\\\/about.myrx.care\\\/#\\\/schema\\\/logo\\\/image\\\/\"},\"sameAs\":[\"https:\\\/\\\/www.facebook.com\\\/profile.php?id=100089307620118\",\"https:\\\/\\\/www.instagram.com\\\/myrxcare\\\/\",\"https:\\\/\\\/www.youtube.com\\\/@myrxcare\",\"https:\\\/\\\/www.linkedin.com\\\/company\\\/myrx-care\\\/\"]}]}<\/script>\n<!-- \/ Yoast SEO Premium plugin. -->","yoast_head_json":{"title":"Nouvelles","description":"Bienvenue dans la section \"Actualit\u00e9s\" de notre site web, o\u00f9 nous vous pr\u00e9sentons les derni\u00e8res mises \u00e0 jour sur les technologies de la sant\u00e9, les tendances du secteur et nos propres efforts pour fournir aux patients les services d'assistance financi\u00e8re dont ils ont tant besoin. En tant que soci\u00e9t\u00e9 engag\u00e9e dans l'am\u00e9lioration de l'acc\u00e8s aux soins de sant\u00e9 pour tous, nous nous effor\u00e7ons de rester au courant des derniers d\u00e9veloppements dans le secteur et de partager ces connaissances avec notre communaut\u00e9.Suivez notre section de nouvelles pour rester inform\u00e9 et engag\u00e9 dans la conversation sur l'aide financi\u00e8re aux patients et le soutien aux patients au Canada.","robots":{"index":"index","follow":"follow","max-snippet":"max-snippet:-1","max-image-preview":"max-image-preview:large","max-video-preview":"max-video-preview:-1"},"canonical":"https:\/\/about.myrx.care\/fr\/nouvelles\/","og_locale":"fr_FR","og_type":"article","og_title":"Nouvelles","og_description":"Bienvenue dans la section \"Actualit\u00e9s\" de notre site web, o\u00f9 nous vous pr\u00e9sentons les derni\u00e8res mises \u00e0 jour sur les technologies de la sant\u00e9, les tendances du secteur et nos propres efforts pour fournir aux patients les services d'assistance financi\u00e8re dont ils ont tant besoin. En tant que soci\u00e9t\u00e9 engag\u00e9e dans l'am\u00e9lioration de l'acc\u00e8s aux soins de sant\u00e9 pour tous, nous nous effor\u00e7ons de rester au courant des derniers d\u00e9veloppements dans le secteur et de partager ces connaissances avec notre communaut\u00e9.Suivez notre section de nouvelles pour rester inform\u00e9 et engag\u00e9 dans la conversation sur l'aide financi\u00e8re aux patients et le soutien aux patients au Canada.","og_url":"https:\/\/about.myrx.care\/fr\/nouvelles\/","og_site_name":"MyRx.care: Transforming the way pharmacies, payers and patients experience healthcare.","article_publisher":"https:\/\/www.facebook.com\/profile.php?id=100089307620118","article_modified_time":"2023-02-22T16:11:32+00:00","twitter_card":"summary_large_image","twitter_misc":{"Dur\u00e9e de lecture estim\u00e9e":"1 minute"},"schema":{"@context":"https:\/\/schema.org","@graph":[{"@type":"WebPage","@id":"https:\/\/about.myrx.care\/fr\/nouvelles\/","url":"https:\/\/about.myrx.care\/fr\/nouvelles\/","name":"Nouvelles","isPartOf":{"@id":"https:\/\/about.myrx.care\/#website"},"datePublished":"2017-03-10T21:11:21+00:00","dateModified":"2023-02-22T16:11:32+00:00","description":"Bienvenue dans la section \"Actualit\u00e9s\" de notre site web, o\u00f9 nous vous pr\u00e9sentons les derni\u00e8res mises \u00e0 jour sur les technologies de la sant\u00e9, les tendances du secteur et nos propres efforts pour fournir aux patients les services d'assistance financi\u00e8re dont ils ont tant besoin. En tant que soci\u00e9t\u00e9 engag\u00e9e dans l'am\u00e9lioration de l'acc\u00e8s aux soins de sant\u00e9 pour tous, nous nous effor\u00e7ons de rester au courant des derniers d\u00e9veloppements dans le secteur et de partager ces connaissances avec notre communaut\u00e9.Suivez notre section de nouvelles pour rester inform\u00e9 et engag\u00e9 dans la conversation sur l'aide financi\u00e8re aux patients et le soutien aux patients au Canada.","breadcrumb":{"@id":"https:\/\/about.myrx.care\/fr\/nouvelles\/#breadcrumb"},"inLanguage":"fr-FR","potentialAction":[{"@type":"ReadAction","target":["https:\/\/about.myrx.care\/fr\/nouvelles\/"]}]},{"@type":"BreadcrumbList","@id":"https:\/\/about.myrx.care\/fr\/nouvelles\/#breadcrumb","itemListElement":[{"@type":"ListItem","position":1,"name":"Home","item":"https:\/\/about.myrx.care\/fr\/"},{"@type":"ListItem","position":2,"name":"Nouvelles"}]},{"@type":"WebSite","@id":"https:\/\/about.myrx.care\/#website","url":"https:\/\/about.myrx.care\/","name":"MyRx Care\u2122 provides support services such as patient access to financial reimbursement and adherence tools.","description":"Transforming the way pharmacies, payers and patients experience healthcare.","publisher":{"@id":"https:\/\/about.myrx.care\/#organization"},"potentialAction":[{"@type":"SearchAction","target":{"@type":"EntryPoint","urlTemplate":"https:\/\/about.myrx.care\/?s={search_term_string}"},"query-input":{"@type":"PropertyValueSpecification","valueRequired":true,"valueName":"search_term_string"}}],"inLanguage":"fr-FR"},{"@type":"Organization","@id":"https:\/\/about.myrx.care\/#organization","name":"MyRx Care\u2122 provides support services such as patient access to financial reimbursement and adherence tools.","url":"https:\/\/about.myrx.care\/","logo":{"@type":"ImageObject","inLanguage":"fr-FR","@id":"https:\/\/about.myrx.care\/#\/schema\/logo\/image\/","url":"https:\/\/cxn093.p3cdn1.secureserver.net\/wp-content\/uploads\/2018\/08\/MyRx_logo-TM.png?time=1676299238","contentUrl":"https:\/\/cxn093.p3cdn1.secureserver.net\/wp-content\/uploads\/2018\/08\/MyRx_logo-TM.png?time=1676299238","width":512,"height":512,"caption":"MyRx Care\u2122 provides support services such as patient access to financial reimbursement and adherence tools."},"image":{"@id":"https:\/\/about.myrx.care\/#\/schema\/logo\/image\/"},"sameAs":["https:\/\/www.facebook.com\/profile.php?id=100089307620118","https:\/\/www.instagram.com\/myrxcare\/","https:\/\/www.youtube.com\/@myrxcare","https:\/\/www.linkedin.com\/company\/myrx-care\/"]}]}},"_links":{"self":[{"href":"https:\/\/about.myrx.care\/fr\/wp-json\/wp\/v2\/pages\/1020","targetHints":{"allow":["GET"]}}],"collection":[{"href":"https:\/\/about.myrx.care\/fr\/wp-json\/wp\/v2\/pages"}],"about":[{"href":"https:\/\/about.myrx.care\/fr\/wp-json\/wp\/v2\/types\/page"}],"author":[{"embeddable":true,"href":"https:\/\/about.myrx.care\/fr\/wp-json\/wp\/v2\/users\/3"}],"replies":[{"embeddable":true,"href":"https:\/\/about.myrx.care\/fr\/wp-json\/wp\/v2\/comments?post=1020"}],"version-history":[{"count":3,"href":"https:\/\/about.myrx.care\/fr\/wp-json\/wp\/v2\/pages\/1020\/revisions"}],"predecessor-version":[{"id":1168,"href":"https:\/\/about.myrx.care\/fr\/wp-json\/wp\/v2\/pages\/1020\/revisions\/1168"}],"wp:attachment":[{"href":"https:\/\/about.myrx.care\/fr\/wp-json\/wp\/v2\/media?parent=1020"}],"curies":[{"name":"wp","href":"https:\/\/api.w.org\/{rel}","templated":true}]}}