{"id":1038,"date":"2023-01-20T16:22:15","date_gmt":"2023-01-20T16:22:15","guid":{"rendered":"https:\/\/about.myrx.care\/innovation-et-technologie\/"},"modified":"2023-02-15T15:14:57","modified_gmt":"2023-02-15T15:14:57","slug":"innovation-et-technologie","status":"publish","type":"page","link":"https:\/\/about.myrx.care\/fr\/a-propos-de-nous\/innovation-et-technologie\/","title":{"rendered":"Innovation et technologie"},"content":{"rendered":"\nLa productivit\u00e9 dans le secteur des soins de sant\u00e9 est enferm\u00e9e dans une machine \u00e0 remonter le temps, avec des effectifs de plus en plus co\u00fbteux, des processus papier et des b\u00e9n\u00e9fices en baisse. Cela a ouvert la porte \u00e0 de nouveaux acteurs avec de nouvelles approches technologiques perturbatrices.\n\n\n<p><!-- \/wp:post-content --><br>\n<strong>Principes de MyRx Care\u2122<\/strong><\/p>\n<p><!-- \/wp:paragraph --><\/p>\n<ul>\n<li>Une entreprise de TI ax\u00e9e sur les solutions, qui remet en question le statu quo.<\/li>\n<li>L&#8217;am\u00e9lioration continue fait partie int\u00e9grante de toutes nos activit\u00e9s.<\/li>\n<li>L&#8217;innovation est la cl\u00e9 pour am\u00e9liorer les r\u00e9sultats, r\u00e9duire les co\u00fbts et am\u00e9liorer la situation des patients<\/li>\n<li>estiment que l&#8217;automatisation doit remplacer l&#8217;intervention manuelle dans la mesure du possible<\/li>\n<li>Nous gagnons lorsque le client gagne<\/li>\n<\/ul>\n<p><!-- \/wp:paragraph --><\/p>\n<p><!-- wp:paragraph --><\/p>\n<p>MyRx Care\u2122 adapte votre approche sp\u00e9cifiquement au profil g\u00e9n\u00e9tique d&#8217;un patient, adapte des mod\u00e8les de soins plus efficaces et proactifs bas\u00e9s sur les donn\u00e9es et introduit de nouvelles approches cr\u00e9atives pour les interactions fournisseur-patient au cours du parcours du patient.<\/p>\n<p><!-- \/wp:paragraph --><\/p>\n<p><!-- wp:paragraph --><\/p>\n<p>La technologie a toujours jou\u00e9 un r\u00f4le dans l&#8217;innovation en mati\u00e8re de soins de sant\u00e9 et cela va continuer. MyRx Care\u2122 est votre partenaire pour suivre le rythme acc\u00e9l\u00e9r\u00e9 des changements et devancer vos concurrents.<\/p>\n<p><!-- \/wp:paragraph --><\/p>\n<p><!-- wp:spacer {\"height\":\"20px\"} --><\/p>\n<div class=\"wp-block-spacer\" style=\"height: 20px;\" aria-hidden=\"true\"><\/div>\n<p><!-- \/wp:spacer --><\/p>\n<p><!-- wp:buttons --><\/p>\n<div class=\"wp-block-buttons\"><!-- wp:button {\"style\":{\"color\":{\"background\":\"#1d9b83\"}}} --><p><\/p>\n<div class=\"wp-block-button\"><a class=\"wp-block-button__link has-background wp-element-button\" style=\"background-color: #1d9b83;\" href=\"\/contact-us\/\">Contactez nous aujourd&#8217;hui<\/a><\/div>\n<p><!-- \/wp:button --><\/p>\n<\/div>","protected":false},"excerpt":{"rendered":"<p>La productivit\u00e9 dans le secteur des soins de sant\u00e9 est enferm\u00e9e dans une machine \u00e0 remonter le temps, avec des effectifs de plus en plus co\u00fbteux, des processus papier et des b\u00e9n\u00e9fices en baisse. Cela a ouvert la porte \u00e0 de nouveaux acteurs avec de&#8230;<\/p>\n","protected":false},"author":2,"featured_media":0,"parent":1040,"menu_order":2,"comment_status":"closed","ping_status":"closed","template":"","meta":{"_coblocks_attr":"","_coblocks_dimensions":"","_coblocks_responsive_height":"","_coblocks_accordion_ie_support":"","footnotes":""},"class_list":["post-1038","page","type-page","status-publish","hentry"],"yoast_head":"<!-- This site is optimized with the Yoast SEO Premium plugin v27.5 (Yoast SEO v27.5) - https:\/\/yoast.com\/product\/yoast-seo-premium-wordpress\/ -->\n<title>Innovation et technologie<\/title>\n<meta name=\"description\" content=\"La productivit\u00e9 dans le secteur des soins de sant\u00e9 est enferm\u00e9e dans une machine \u00e0 remonter le temps, avec des effectifs de plus en plus co\u00fbteux, des processus papier et des b\u00e9n\u00e9fices en baisse. Cela a ouvert la porte \u00e0 de nouveaux acteurs avec de nouvelles approches technologiques perturbatrices.\" \/>\n<meta name=\"robots\" content=\"index, follow, max-snippet:-1, max-image-preview:large, max-video-preview:-1\" \/>\n<link rel=\"canonical\" href=\"https:\/\/about.myrx.care\/fr\/a-propos-de-nous\/innovation-et-technologie\/\" \/>\n<meta property=\"og:locale\" content=\"fr_FR\" \/>\n<meta property=\"og:type\" content=\"article\" \/>\n<meta property=\"og:title\" content=\"Innovation et technologie\" \/>\n<meta property=\"og:description\" content=\"La productivit\u00e9 dans le secteur des soins de sant\u00e9 est enferm\u00e9e dans une machine \u00e0 remonter le temps, avec des effectifs de plus en plus co\u00fbteux, des processus papier et des b\u00e9n\u00e9fices en baisse. Cela a ouvert la porte \u00e0 de nouveaux acteurs avec de nouvelles approches technologiques perturbatrices.\" \/>\n<meta property=\"og:url\" content=\"https:\/\/about.myrx.care\/fr\/a-propos-de-nous\/innovation-et-technologie\/\" \/>\n<meta property=\"og:site_name\" content=\"MyRx.care: Transforming the way pharmacies, payers and patients experience healthcare.\" \/>\n<meta property=\"article:publisher\" content=\"https:\/\/www.facebook.com\/profile.php?id=100089307620118\" \/>\n<meta property=\"article:modified_time\" content=\"2023-02-15T15:14:57+00:00\" \/>\n<meta name=\"twitter:card\" content=\"summary_large_image\" \/>\n<meta name=\"twitter:label1\" content=\"Dur\u00e9e de lecture estim\u00e9e\" \/>\n\t<meta name=\"twitter:data1\" content=\"1 minute\" \/>\n<script type=\"application\/ld+json\" class=\"yoast-schema-graph\">{\"@context\":\"https:\\\/\\\/schema.org\",\"@graph\":[{\"@type\":\"WebPage\",\"@id\":\"https:\\\/\\\/about.myrx.care\\\/fr\\\/a-propos-de-nous\\\/innovation-et-technologie\\\/\",\"url\":\"https:\\\/\\\/about.myrx.care\\\/fr\\\/a-propos-de-nous\\\/innovation-et-technologie\\\/\",\"name\":\"Innovation et technologie\",\"isPartOf\":{\"@id\":\"https:\\\/\\\/about.myrx.care\\\/#website\"},\"datePublished\":\"2023-01-20T16:22:15+00:00\",\"dateModified\":\"2023-02-15T15:14:57+00:00\",\"description\":\"La productivit\u00e9 dans le secteur des soins de sant\u00e9 est enferm\u00e9e dans une machine \u00e0 remonter le temps, avec des effectifs de plus en plus co\u00fbteux, des processus papier et des b\u00e9n\u00e9fices en baisse. Cela a ouvert la porte \u00e0 de nouveaux acteurs avec de nouvelles approches technologiques perturbatrices.\",\"breadcrumb\":{\"@id\":\"https:\\\/\\\/about.myrx.care\\\/fr\\\/a-propos-de-nous\\\/innovation-et-technologie\\\/#breadcrumb\"},\"inLanguage\":\"fr-FR\",\"potentialAction\":[{\"@type\":\"ReadAction\",\"target\":[\"https:\\\/\\\/about.myrx.care\\\/fr\\\/a-propos-de-nous\\\/innovation-et-technologie\\\/\"]}]},{\"@type\":\"BreadcrumbList\",\"@id\":\"https:\\\/\\\/about.myrx.care\\\/fr\\\/a-propos-de-nous\\\/innovation-et-technologie\\\/#breadcrumb\",\"itemListElement\":[{\"@type\":\"ListItem\",\"position\":1,\"name\":\"Home\",\"item\":\"https:\\\/\\\/about.myrx.care\\\/fr\\\/\"},{\"@type\":\"ListItem\",\"position\":2,\"name\":\"A propos de nous\",\"item\":\"https:\\\/\\\/about.myrx.care\\\/fr\\\/a-propos-de-nous\\\/\"},{\"@type\":\"ListItem\",\"position\":3,\"name\":\"Innovation et technologie\"}]},{\"@type\":\"WebSite\",\"@id\":\"https:\\\/\\\/about.myrx.care\\\/#website\",\"url\":\"https:\\\/\\\/about.myrx.care\\\/\",\"name\":\"MyRx Care\u2122 provides support services such as patient access to financial reimbursement and adherence tools.\",\"description\":\"Transforming the way pharmacies, payers and patients experience healthcare.\",\"publisher\":{\"@id\":\"https:\\\/\\\/about.myrx.care\\\/#organization\"},\"potentialAction\":[{\"@type\":\"SearchAction\",\"target\":{\"@type\":\"EntryPoint\",\"urlTemplate\":\"https:\\\/\\\/about.myrx.care\\\/?s={search_term_string}\"},\"query-input\":{\"@type\":\"PropertyValueSpecification\",\"valueRequired\":true,\"valueName\":\"search_term_string\"}}],\"inLanguage\":\"fr-FR\"},{\"@type\":\"Organization\",\"@id\":\"https:\\\/\\\/about.myrx.care\\\/#organization\",\"name\":\"MyRx Care\u2122 provides support services such as patient access to financial reimbursement and adherence tools.\",\"url\":\"https:\\\/\\\/about.myrx.care\\\/\",\"logo\":{\"@type\":\"ImageObject\",\"inLanguage\":\"fr-FR\",\"@id\":\"https:\\\/\\\/about.myrx.care\\\/#\\\/schema\\\/logo\\\/image\\\/\",\"url\":\"https:\\\/\\\/cxn093.p3cdn1.secureserver.net\\\/wp-content\\\/uploads\\\/2018\\\/08\\\/MyRx_logo-TM.png?time=1676299238\",\"contentUrl\":\"https:\\\/\\\/cxn093.p3cdn1.secureserver.net\\\/wp-content\\\/uploads\\\/2018\\\/08\\\/MyRx_logo-TM.png?time=1676299238\",\"width\":512,\"height\":512,\"caption\":\"MyRx Care\u2122 provides support services such as patient access to financial reimbursement and adherence tools.\"},\"image\":{\"@id\":\"https:\\\/\\\/about.myrx.care\\\/#\\\/schema\\\/logo\\\/image\\\/\"},\"sameAs\":[\"https:\\\/\\\/www.facebook.com\\\/profile.php?id=100089307620118\",\"https:\\\/\\\/www.instagram.com\\\/myrxcare\\\/\",\"https:\\\/\\\/www.youtube.com\\\/@myrxcare\",\"https:\\\/\\\/www.linkedin.com\\\/company\\\/myrx-care\\\/\"]}]}<\/script>\n<!-- \/ Yoast SEO Premium plugin. -->","yoast_head_json":{"title":"Innovation et technologie","description":"La productivit\u00e9 dans le secteur des soins de sant\u00e9 est enferm\u00e9e dans une machine \u00e0 remonter le temps, avec des effectifs de plus en plus co\u00fbteux, des processus papier et des b\u00e9n\u00e9fices en baisse. Cela a ouvert la porte \u00e0 de nouveaux acteurs avec de nouvelles approches technologiques perturbatrices.","robots":{"index":"index","follow":"follow","max-snippet":"max-snippet:-1","max-image-preview":"max-image-preview:large","max-video-preview":"max-video-preview:-1"},"canonical":"https:\/\/about.myrx.care\/fr\/a-propos-de-nous\/innovation-et-technologie\/","og_locale":"fr_FR","og_type":"article","og_title":"Innovation et technologie","og_description":"La productivit\u00e9 dans le secteur des soins de sant\u00e9 est enferm\u00e9e dans une machine \u00e0 remonter le temps, avec des effectifs de plus en plus co\u00fbteux, des processus papier et des b\u00e9n\u00e9fices en baisse. Cela a ouvert la porte \u00e0 de nouveaux acteurs avec de nouvelles approches technologiques perturbatrices.","og_url":"https:\/\/about.myrx.care\/fr\/a-propos-de-nous\/innovation-et-technologie\/","og_site_name":"MyRx.care: Transforming the way pharmacies, payers and patients experience healthcare.","article_publisher":"https:\/\/www.facebook.com\/profile.php?id=100089307620118","article_modified_time":"2023-02-15T15:14:57+00:00","twitter_card":"summary_large_image","twitter_misc":{"Dur\u00e9e de lecture estim\u00e9e":"1 minute"},"schema":{"@context":"https:\/\/schema.org","@graph":[{"@type":"WebPage","@id":"https:\/\/about.myrx.care\/fr\/a-propos-de-nous\/innovation-et-technologie\/","url":"https:\/\/about.myrx.care\/fr\/a-propos-de-nous\/innovation-et-technologie\/","name":"Innovation et technologie","isPartOf":{"@id":"https:\/\/about.myrx.care\/#website"},"datePublished":"2023-01-20T16:22:15+00:00","dateModified":"2023-02-15T15:14:57+00:00","description":"La productivit\u00e9 dans le secteur des soins de sant\u00e9 est enferm\u00e9e dans une machine \u00e0 remonter le temps, avec des effectifs de plus en plus co\u00fbteux, des processus papier et des b\u00e9n\u00e9fices en baisse. Cela a ouvert la porte \u00e0 de nouveaux acteurs avec de nouvelles approches technologiques perturbatrices.","breadcrumb":{"@id":"https:\/\/about.myrx.care\/fr\/a-propos-de-nous\/innovation-et-technologie\/#breadcrumb"},"inLanguage":"fr-FR","potentialAction":[{"@type":"ReadAction","target":["https:\/\/about.myrx.care\/fr\/a-propos-de-nous\/innovation-et-technologie\/"]}]},{"@type":"BreadcrumbList","@id":"https:\/\/about.myrx.care\/fr\/a-propos-de-nous\/innovation-et-technologie\/#breadcrumb","itemListElement":[{"@type":"ListItem","position":1,"name":"Home","item":"https:\/\/about.myrx.care\/fr\/"},{"@type":"ListItem","position":2,"name":"A propos de nous","item":"https:\/\/about.myrx.care\/fr\/a-propos-de-nous\/"},{"@type":"ListItem","position":3,"name":"Innovation et technologie"}]},{"@type":"WebSite","@id":"https:\/\/about.myrx.care\/#website","url":"https:\/\/about.myrx.care\/","name":"MyRx Care\u2122 provides support services such as patient access to financial reimbursement and adherence tools.","description":"Transforming the way pharmacies, payers and patients experience healthcare.","publisher":{"@id":"https:\/\/about.myrx.care\/#organization"},"potentialAction":[{"@type":"SearchAction","target":{"@type":"EntryPoint","urlTemplate":"https:\/\/about.myrx.care\/?s={search_term_string}"},"query-input":{"@type":"PropertyValueSpecification","valueRequired":true,"valueName":"search_term_string"}}],"inLanguage":"fr-FR"},{"@type":"Organization","@id":"https:\/\/about.myrx.care\/#organization","name":"MyRx Care\u2122 provides support services such as patient access to financial reimbursement and adherence tools.","url":"https:\/\/about.myrx.care\/","logo":{"@type":"ImageObject","inLanguage":"fr-FR","@id":"https:\/\/about.myrx.care\/#\/schema\/logo\/image\/","url":"https:\/\/cxn093.p3cdn1.secureserver.net\/wp-content\/uploads\/2018\/08\/MyRx_logo-TM.png?time=1676299238","contentUrl":"https:\/\/cxn093.p3cdn1.secureserver.net\/wp-content\/uploads\/2018\/08\/MyRx_logo-TM.png?time=1676299238","width":512,"height":512,"caption":"MyRx Care\u2122 provides support services such as patient access to financial reimbursement and adherence tools."},"image":{"@id":"https:\/\/about.myrx.care\/#\/schema\/logo\/image\/"},"sameAs":["https:\/\/www.facebook.com\/profile.php?id=100089307620118","https:\/\/www.instagram.com\/myrxcare\/","https:\/\/www.youtube.com\/@myrxcare","https:\/\/www.linkedin.com\/company\/myrx-care\/"]}]}},"_links":{"self":[{"href":"https:\/\/about.myrx.care\/fr\/wp-json\/wp\/v2\/pages\/1038","targetHints":{"allow":["GET"]}}],"collection":[{"href":"https:\/\/about.myrx.care\/fr\/wp-json\/wp\/v2\/pages"}],"about":[{"href":"https:\/\/about.myrx.care\/fr\/wp-json\/wp\/v2\/types\/page"}],"author":[{"embeddable":true,"href":"https:\/\/about.myrx.care\/fr\/wp-json\/wp\/v2\/users\/2"}],"replies":[{"embeddable":true,"href":"https:\/\/about.myrx.care\/fr\/wp-json\/wp\/v2\/comments?post=1038"}],"version-history":[{"count":1,"href":"https:\/\/about.myrx.care\/fr\/wp-json\/wp\/v2\/pages\/1038\/revisions"}],"predecessor-version":[{"id":1042,"href":"https:\/\/about.myrx.care\/fr\/wp-json\/wp\/v2\/pages\/1038\/revisions\/1042"}],"up":[{"embeddable":true,"href":"https:\/\/about.myrx.care\/fr\/wp-json\/wp\/v2\/pages\/1040"}],"wp:attachment":[{"href":"https:\/\/about.myrx.care\/fr\/wp-json\/wp\/v2\/media?parent=1038"}],"curies":[{"name":"wp","href":"https:\/\/api.w.org\/{rel}","templated":true}]}}