{"id":1039,"date":"2023-01-30T16:36:38","date_gmt":"2023-01-30T16:36:38","guid":{"rendered":"https:\/\/about.myrx.care\/programmes-et-chaines\/"},"modified":"2023-02-15T15:14:46","modified_gmt":"2023-02-15T15:14:46","slug":"programmes-et-chaines","status":"publish","type":"page","link":"https:\/\/about.myrx.care\/fr\/a-propos-de-nous\/programmes-et-chaines\/","title":{"rendered":"Programmes et cha\u00eenes"},"content":{"rendered":"<p>&nbsp;<\/p>\n\n\n<p><strong>MyRx Care\u2122<\/strong> <strong>Elite<\/strong> &#8211;&nbsp; Carte \u00e9lectronique autonome ou li\u00e9e \u00e0 un PSP, une pharmacie sp\u00e9cialis\u00e9e ou un APP pour les patients.&nbsp; Accessible pour les patients via MyRx Care ou le portail ou d&#8217;autres plateformes existantes.&nbsp; Limite l&#8217;exposition du client au trop-per\u00e7u via les CAP, la majoration maximale, le type de payeur pour chaque province.<\/p>\n\n\n\n<p><strong>MyRx Care\u2122<\/strong> <strong> Reporting <\/strong>&nbsp;&#8211; Des tableaux de bord qui peuvent accommoder le marketing, les finances et le programme avec des aper\u00e7us uniques.&nbsp; D&#8217;un seul clic, le client peut visualiser les demandes de remboursement par province, type de payeur, pharmacie\/banque\/parent, \u00e2ge ou combinaison de ces \u00e9l\u00e9ments.<\/p>\n\n\n\n<p><strong>Inscription \u00e0 MyRx Care\u2122 &#8211; Int\u00e9gration du portail, des PSP, des APP <\/strong>&#8211; Reconnu comme le leader du secteur.&nbsp; Acc\u00e8s au patient, au HCP ou au programme en fonction des besoins.&nbsp; L&#8217;admissibilit\u00e9 du patient est pouss\u00e9e directement dans le PSP (soit le portail ou directement \u00e0 partir du DME).&nbsp; Possibilit\u00e9 de g\u00e9n\u00e9rer une carte \u00e9lectronique pour une utilisation imm\u00e9diate.<\/p>\n\n\n\n<p><strong>MyRx Care\u2122<\/strong> <strong>Specialty Channel &#8211; <\/strong>Donnez aux pharmacies sp\u00e9cialis\u00e9es les moyens de fonctionner avec les m\u00eames outils qu&#8217;un PSP.&nbsp; Initier les patients, changer de FA, remboursement d&#8217;assurance &#8230;.<\/p>\n\n\n\n<p><strong>MyRx Care\u2122 Compliance<\/strong> &#8211; Analyse des donn\u00e9es, triage des patients individuels en fonction des demandes de remboursement r\u00e9elles.&nbsp; Communiquez directement avec les patients &#8211; rappels de renouvellement, gestion des effets secondaires, par SMS.<\/p>\n\n\n\n<p><strong>MyRx Care\u2122 Genetic Testing <\/strong>&#8211; Gr\u00e2ce \u00e0 notre partenariat avec Inagene, nous pouvons identifier les patients plus t\u00f4t et\/ou confirmer le diagnostic. L&#8217;\u00e9tiquette de donn\u00e9es MyRx Elite suit les patients tout au long de leur parcours.<\/p>\n\n\n<p>\n\n<strong>Syst\u00e8mes de paiement des <\/strong><strong>soins MyRx Care\u2122<\/strong> &#8211; Valid\u00e9s par les demandes de remboursement, les cliniques de paiement ou les pharmacies. Exemple &#8212; pour les perfusions par PSP (EFT).<\/p>\n<p>&nbsp;<\/p>\n<p>&nbsp;<\/p>\n<p><a class=\"wp-block-button__link has-background wp-element-button\" style=\"background-color: #1d9b83;\" href=\"\/contact-us\/\">Contactez nous aujourd&#8217;hui<\/a><\/p>\n\n\n<p>&nbsp;<\/p>\n","protected":false},"excerpt":{"rendered":"<p>&nbsp; MyRx Care\u2122 Elite &#8211;&nbsp; Carte \u00e9lectronique autonome ou li\u00e9e \u00e0 un PSP, une pharmacie sp\u00e9cialis\u00e9e ou un APP pour les patients.&nbsp; Accessible pour les patients via MyRx Care ou le portail ou d&#8217;autres plateformes existantes.&nbsp; Limite l&#8217;exposition du client au trop-per\u00e7u via les CAP,&#8230;<\/p>\n","protected":false},"author":3,"featured_media":0,"parent":1040,"menu_order":1,"comment_status":"closed","ping_status":"closed","template":"","meta":{"_coblocks_attr":"","_coblocks_dimensions":"","_coblocks_responsive_height":"","_coblocks_accordion_ie_support":"","footnotes":""},"class_list":["post-1039","page","type-page","status-publish","hentry"],"yoast_head":"<!-- This site is optimized with the Yoast SEO Premium plugin v27.5 (Yoast SEO v27.5) - https:\/\/yoast.com\/product\/yoast-seo-premium-wordpress\/ -->\n<title>Programmes et cha\u00eenes<\/title>\n<meta name=\"description\" content=\"MyRx Care\u2122 Elite - Carte \u00e9lectronique autonome ou li\u00e9e \u00e0 un PSP, une pharmacie sp\u00e9cialis\u00e9e ou un APP pour les patients. Accessible aux patients par le biais de MyRx Care ou du portail ou d&#039;autres plateformes existantes. Limite l&#039;exposition du client au trop-per\u00e7u par le biais des CAP, de la majoration maximale, du type de payeur pour chaque province.\" \/>\n<meta name=\"robots\" content=\"index, follow, max-snippet:-1, max-image-preview:large, max-video-preview:-1\" \/>\n<link rel=\"canonical\" href=\"https:\/\/about.myrx.care\/fr\/a-propos-de-nous\/programmes-et-chaines\/\" \/>\n<meta property=\"og:locale\" content=\"fr_FR\" \/>\n<meta property=\"og:type\" content=\"article\" \/>\n<meta property=\"og:title\" content=\"Programmes et cha\u00eenes\" \/>\n<meta property=\"og:description\" content=\"MyRx Care\u2122 Elite - Carte \u00e9lectronique autonome ou li\u00e9e \u00e0 un PSP, une pharmacie sp\u00e9cialis\u00e9e ou un APP pour les patients. Accessible aux patients par le biais de MyRx Care ou du portail ou d&#039;autres plateformes existantes. Limite l&#039;exposition du client au trop-per\u00e7u par le biais des CAP, de la majoration maximale, du type de payeur pour chaque province.\" \/>\n<meta property=\"og:url\" content=\"https:\/\/about.myrx.care\/fr\/a-propos-de-nous\/programmes-et-chaines\/\" \/>\n<meta property=\"og:site_name\" content=\"MyRx.care: Transforming the way pharmacies, payers and patients experience healthcare.\" \/>\n<meta property=\"article:publisher\" content=\"https:\/\/www.facebook.com\/profile.php?id=100089307620118\" \/>\n<meta property=\"article:modified_time\" content=\"2023-02-15T15:14:46+00:00\" \/>\n<meta name=\"twitter:card\" content=\"summary_large_image\" \/>\n<meta name=\"twitter:label1\" content=\"Dur\u00e9e de lecture estim\u00e9e\" \/>\n\t<meta name=\"twitter:data1\" content=\"2 minutes\" \/>\n<script type=\"application\/ld+json\" class=\"yoast-schema-graph\">{\"@context\":\"https:\\\/\\\/schema.org\",\"@graph\":[{\"@type\":\"WebPage\",\"@id\":\"https:\\\/\\\/about.myrx.care\\\/fr\\\/a-propos-de-nous\\\/programmes-et-chaines\\\/\",\"url\":\"https:\\\/\\\/about.myrx.care\\\/fr\\\/a-propos-de-nous\\\/programmes-et-chaines\\\/\",\"name\":\"Programmes et cha\u00eenes\",\"isPartOf\":{\"@id\":\"https:\\\/\\\/about.myrx.care\\\/#website\"},\"datePublished\":\"2023-01-30T16:36:38+00:00\",\"dateModified\":\"2023-02-15T15:14:46+00:00\",\"description\":\"MyRx Care\u2122 Elite - Carte \u00e9lectronique autonome ou li\u00e9e \u00e0 un PSP, une pharmacie sp\u00e9cialis\u00e9e ou un APP pour les patients. Accessible aux patients par le biais de MyRx Care ou du portail ou d'autres plateformes existantes. Limite l'exposition du client au trop-per\u00e7u par le biais des CAP, de la majoration maximale, du type de payeur pour chaque province.\",\"breadcrumb\":{\"@id\":\"https:\\\/\\\/about.myrx.care\\\/fr\\\/a-propos-de-nous\\\/programmes-et-chaines\\\/#breadcrumb\"},\"inLanguage\":\"fr-FR\",\"potentialAction\":[{\"@type\":\"ReadAction\",\"target\":[\"https:\\\/\\\/about.myrx.care\\\/fr\\\/a-propos-de-nous\\\/programmes-et-chaines\\\/\"]}]},{\"@type\":\"BreadcrumbList\",\"@id\":\"https:\\\/\\\/about.myrx.care\\\/fr\\\/a-propos-de-nous\\\/programmes-et-chaines\\\/#breadcrumb\",\"itemListElement\":[{\"@type\":\"ListItem\",\"position\":1,\"name\":\"Home\",\"item\":\"https:\\\/\\\/about.myrx.care\\\/fr\\\/\"},{\"@type\":\"ListItem\",\"position\":2,\"name\":\"A propos de nous\",\"item\":\"https:\\\/\\\/about.myrx.care\\\/fr\\\/a-propos-de-nous\\\/\"},{\"@type\":\"ListItem\",\"position\":3,\"name\":\"Programmes et cha\u00eenes\"}]},{\"@type\":\"WebSite\",\"@id\":\"https:\\\/\\\/about.myrx.care\\\/#website\",\"url\":\"https:\\\/\\\/about.myrx.care\\\/\",\"name\":\"MyRx Care\u2122 provides support services such as patient access to financial reimbursement and adherence tools.\",\"description\":\"Transforming the way pharmacies, payers and patients experience healthcare.\",\"publisher\":{\"@id\":\"https:\\\/\\\/about.myrx.care\\\/#organization\"},\"potentialAction\":[{\"@type\":\"SearchAction\",\"target\":{\"@type\":\"EntryPoint\",\"urlTemplate\":\"https:\\\/\\\/about.myrx.care\\\/?s={search_term_string}\"},\"query-input\":{\"@type\":\"PropertyValueSpecification\",\"valueRequired\":true,\"valueName\":\"search_term_string\"}}],\"inLanguage\":\"fr-FR\"},{\"@type\":\"Organization\",\"@id\":\"https:\\\/\\\/about.myrx.care\\\/#organization\",\"name\":\"MyRx Care\u2122 provides support services such as patient access to financial reimbursement and adherence tools.\",\"url\":\"https:\\\/\\\/about.myrx.care\\\/\",\"logo\":{\"@type\":\"ImageObject\",\"inLanguage\":\"fr-FR\",\"@id\":\"https:\\\/\\\/about.myrx.care\\\/#\\\/schema\\\/logo\\\/image\\\/\",\"url\":\"https:\\\/\\\/cxn093.p3cdn1.secureserver.net\\\/wp-content\\\/uploads\\\/2018\\\/08\\\/MyRx_logo-TM.png?time=1676299238\",\"contentUrl\":\"https:\\\/\\\/cxn093.p3cdn1.secureserver.net\\\/wp-content\\\/uploads\\\/2018\\\/08\\\/MyRx_logo-TM.png?time=1676299238\",\"width\":512,\"height\":512,\"caption\":\"MyRx Care\u2122 provides support services such as patient access to financial reimbursement and adherence tools.\"},\"image\":{\"@id\":\"https:\\\/\\\/about.myrx.care\\\/#\\\/schema\\\/logo\\\/image\\\/\"},\"sameAs\":[\"https:\\\/\\\/www.facebook.com\\\/profile.php?id=100089307620118\",\"https:\\\/\\\/www.instagram.com\\\/myrxcare\\\/\",\"https:\\\/\\\/www.youtube.com\\\/@myrxcare\",\"https:\\\/\\\/www.linkedin.com\\\/company\\\/myrx-care\\\/\"]}]}<\/script>\n<!-- \/ Yoast SEO Premium plugin. -->","yoast_head_json":{"title":"Programmes et cha\u00eenes","description":"MyRx Care\u2122 Elite - Carte \u00e9lectronique autonome ou li\u00e9e \u00e0 un PSP, une pharmacie sp\u00e9cialis\u00e9e ou un APP pour les patients. Accessible aux patients par le biais de MyRx Care ou du portail ou d'autres plateformes existantes. Limite l'exposition du client au trop-per\u00e7u par le biais des CAP, de la majoration maximale, du type de payeur pour chaque province.","robots":{"index":"index","follow":"follow","max-snippet":"max-snippet:-1","max-image-preview":"max-image-preview:large","max-video-preview":"max-video-preview:-1"},"canonical":"https:\/\/about.myrx.care\/fr\/a-propos-de-nous\/programmes-et-chaines\/","og_locale":"fr_FR","og_type":"article","og_title":"Programmes et cha\u00eenes","og_description":"MyRx Care\u2122 Elite - Carte \u00e9lectronique autonome ou li\u00e9e \u00e0 un PSP, une pharmacie sp\u00e9cialis\u00e9e ou un APP pour les patients. Accessible aux patients par le biais de MyRx Care ou du portail ou d'autres plateformes existantes. Limite l'exposition du client au trop-per\u00e7u par le biais des CAP, de la majoration maximale, du type de payeur pour chaque province.","og_url":"https:\/\/about.myrx.care\/fr\/a-propos-de-nous\/programmes-et-chaines\/","og_site_name":"MyRx.care: Transforming the way pharmacies, payers and patients experience healthcare.","article_publisher":"https:\/\/www.facebook.com\/profile.php?id=100089307620118","article_modified_time":"2023-02-15T15:14:46+00:00","twitter_card":"summary_large_image","twitter_misc":{"Dur\u00e9e de lecture estim\u00e9e":"2 minutes"},"schema":{"@context":"https:\/\/schema.org","@graph":[{"@type":"WebPage","@id":"https:\/\/about.myrx.care\/fr\/a-propos-de-nous\/programmes-et-chaines\/","url":"https:\/\/about.myrx.care\/fr\/a-propos-de-nous\/programmes-et-chaines\/","name":"Programmes et cha\u00eenes","isPartOf":{"@id":"https:\/\/about.myrx.care\/#website"},"datePublished":"2023-01-30T16:36:38+00:00","dateModified":"2023-02-15T15:14:46+00:00","description":"MyRx Care\u2122 Elite - Carte \u00e9lectronique autonome ou li\u00e9e \u00e0 un PSP, une pharmacie sp\u00e9cialis\u00e9e ou un APP pour les patients. Accessible aux patients par le biais de MyRx Care ou du portail ou d'autres plateformes existantes. Limite l'exposition du client au trop-per\u00e7u par le biais des CAP, de la majoration maximale, du type de payeur pour chaque province.","breadcrumb":{"@id":"https:\/\/about.myrx.care\/fr\/a-propos-de-nous\/programmes-et-chaines\/#breadcrumb"},"inLanguage":"fr-FR","potentialAction":[{"@type":"ReadAction","target":["https:\/\/about.myrx.care\/fr\/a-propos-de-nous\/programmes-et-chaines\/"]}]},{"@type":"BreadcrumbList","@id":"https:\/\/about.myrx.care\/fr\/a-propos-de-nous\/programmes-et-chaines\/#breadcrumb","itemListElement":[{"@type":"ListItem","position":1,"name":"Home","item":"https:\/\/about.myrx.care\/fr\/"},{"@type":"ListItem","position":2,"name":"A propos de nous","item":"https:\/\/about.myrx.care\/fr\/a-propos-de-nous\/"},{"@type":"ListItem","position":3,"name":"Programmes et cha\u00eenes"}]},{"@type":"WebSite","@id":"https:\/\/about.myrx.care\/#website","url":"https:\/\/about.myrx.care\/","name":"MyRx Care\u2122 provides support services such as patient access to financial reimbursement and adherence tools.","description":"Transforming the way pharmacies, payers and patients experience healthcare.","publisher":{"@id":"https:\/\/about.myrx.care\/#organization"},"potentialAction":[{"@type":"SearchAction","target":{"@type":"EntryPoint","urlTemplate":"https:\/\/about.myrx.care\/?s={search_term_string}"},"query-input":{"@type":"PropertyValueSpecification","valueRequired":true,"valueName":"search_term_string"}}],"inLanguage":"fr-FR"},{"@type":"Organization","@id":"https:\/\/about.myrx.care\/#organization","name":"MyRx Care\u2122 provides support services such as patient access to financial reimbursement and adherence tools.","url":"https:\/\/about.myrx.care\/","logo":{"@type":"ImageObject","inLanguage":"fr-FR","@id":"https:\/\/about.myrx.care\/#\/schema\/logo\/image\/","url":"https:\/\/cxn093.p3cdn1.secureserver.net\/wp-content\/uploads\/2018\/08\/MyRx_logo-TM.png?time=1676299238","contentUrl":"https:\/\/cxn093.p3cdn1.secureserver.net\/wp-content\/uploads\/2018\/08\/MyRx_logo-TM.png?time=1676299238","width":512,"height":512,"caption":"MyRx Care\u2122 provides support services such as patient access to financial reimbursement and adherence tools."},"image":{"@id":"https:\/\/about.myrx.care\/#\/schema\/logo\/image\/"},"sameAs":["https:\/\/www.facebook.com\/profile.php?id=100089307620118","https:\/\/www.instagram.com\/myrxcare\/","https:\/\/www.youtube.com\/@myrxcare","https:\/\/www.linkedin.com\/company\/myrx-care\/"]}]}},"_links":{"self":[{"href":"https:\/\/about.myrx.care\/fr\/wp-json\/wp\/v2\/pages\/1039","targetHints":{"allow":["GET"]}}],"collection":[{"href":"https:\/\/about.myrx.care\/fr\/wp-json\/wp\/v2\/pages"}],"about":[{"href":"https:\/\/about.myrx.care\/fr\/wp-json\/wp\/v2\/types\/page"}],"author":[{"embeddable":true,"href":"https:\/\/about.myrx.care\/fr\/wp-json\/wp\/v2\/users\/3"}],"replies":[{"embeddable":true,"href":"https:\/\/about.myrx.care\/fr\/wp-json\/wp\/v2\/comments?post=1039"}],"version-history":[{"count":1,"href":"https:\/\/about.myrx.care\/fr\/wp-json\/wp\/v2\/pages\/1039\/revisions"}],"predecessor-version":[{"id":1041,"href":"https:\/\/about.myrx.care\/fr\/wp-json\/wp\/v2\/pages\/1039\/revisions\/1041"}],"up":[{"embeddable":true,"href":"https:\/\/about.myrx.care\/fr\/wp-json\/wp\/v2\/pages\/1040"}],"wp:attachment":[{"href":"https:\/\/about.myrx.care\/fr\/wp-json\/wp\/v2\/media?parent=1039"}],"curies":[{"name":"wp","href":"https:\/\/api.w.org\/{rel}","templated":true}]}}