{"id":1045,"date":"2023-01-20T17:03:43","date_gmt":"2023-01-20T17:03:43","guid":{"rendered":"https:\/\/about.myrx.care\/programmes-de-pharmacie\/"},"modified":"2023-02-15T15:22:08","modified_gmt":"2023-02-15T15:22:08","slug":"programmes-de-pharmacie","status":"publish","type":"page","link":"https:\/\/about.myrx.care\/fr\/services\/programmes-de-pharmacie\/","title":{"rendered":"Programmes de pharmacie"},"content":{"rendered":"\n<p>Les pharmaciens canadiens jouent un r\u00f4le essentiel en permettant aux patients d&#8217;avoir acc\u00e8s aux m\u00e9dicaments dont ils ont besoin pour g\u00e9rer leur \u00e9tat de sant\u00e9. Toutefois, pour certains patients, le co\u00fbt de ces m\u00e9dicaments peut constituer un obstacle important \u00e0 l&#8217;acc\u00e8s aux soins dont ils ont besoin. Heureusement, il existe plusieurs moyens pour les pharmaciens canadiens d&#8217;apporter une aide financi\u00e8re aux patients.<\/p>\n\n\n\n<p>Un moyen important pour les pharmaciens d&#8217;aider les patients \u00e0 acc\u00e9der \u00e0 des m\u00e9dicaments abordables est de leur fournir des informations sur les programmes d&#8217;aide \u00e0 la m\u00e9dication. De nombreuses soci\u00e9t\u00e9s pharmaceutiques ont des programmes qui fournissent des m\u00e9dicaments gratuits ou \u00e0 faible co\u00fbt aux patients qui n&#8217;ont pas les moyens de les acheter.&nbsp;<\/p>\n\n\n\n<p>Les pharmaciens peuvent aider les patients \u00e0 s&#8217;orienter dans ces programmes et leur fournir les documents n\u00e9cessaires pour demander une aide.<\/p>\n\n\n\n<p>Les pharmaciens peuvent \u00e9galement aider les patients \u00e0 \u00e9conomiser de l&#8217;argent sur leurs ordonnances en leur fournissant des informations sur les r\u00e9gimes d&#8217;assurance m\u00e9dicaments. De nombreux r\u00e9gimes d&#8217;assurance priv\u00e9s et programmes financ\u00e9s par le gouvernement, comme le programme des services de sant\u00e9 non assur\u00e9s, offrent une couverture pour les m\u00e9dicaments sur ordonnance.&nbsp;<\/p>\n\n\n\n<p>En plus de fournir aux patients des informations sur les programmes d&#8217;aide financi\u00e8re, les pharmaciens peuvent \u00e9galement aider les patients \u00e0 \u00e9conomiser de l&#8217;argent sur leurs ordonnances en leur fournissant des informations sur la mani\u00e8re de stocker et de jeter correctement leurs m\u00e9dicaments. Cela peut aider les patients \u00e0 \u00e9viter le gaspillage et \u00e0 s&#8217;assurer qu&#8217;ils tirent le meilleur parti de leurs prescriptions.<\/p>\n\n\n\n<p>Visitez le <a href=\"https:\/\/myrx.care\" data-type=\"URL\" data-id=\"https:\/\/myrx.care\">portail de soins aux patients MyRx Care\u2122<\/a> pour commencer.<\/p>\n<p>&nbsp;<\/p>\n<p><a class=\"wp-block-button__link has-background wp-element-button\" style=\"background-color: #1d9b83;\" href=\"\/contact-us\/\">Contactez nous aujourd&#8217;hui<\/a><\/p>\n","protected":false},"excerpt":{"rendered":"<p>Les pharmaciens canadiens jouent un r\u00f4le essentiel en permettant aux patients d&#8217;avoir acc\u00e8s aux m\u00e9dicaments dont ils ont besoin pour g\u00e9rer leur \u00e9tat de sant\u00e9. Toutefois, pour certains patients, le co\u00fbt de ces m\u00e9dicaments peut constituer un obstacle important \u00e0 l&#8217;acc\u00e8s aux soins dont ils&#8230;<\/p>\n","protected":false},"author":2,"featured_media":0,"parent":1047,"menu_order":3,"comment_status":"closed","ping_status":"closed","template":"","meta":{"_coblocks_attr":"","_coblocks_dimensions":"","_coblocks_responsive_height":"","_coblocks_accordion_ie_support":"","footnotes":""},"class_list":["post-1045","page","type-page","status-publish","hentry"],"yoast_head":"<!-- This site is optimized with the Yoast SEO Premium plugin v27.4 (Yoast SEO v27.4) - https:\/\/yoast.com\/product\/yoast-seo-premium-wordpress\/ -->\n<title>Programmes de pharmacie<\/title>\n<meta name=\"description\" content=\"Les pharmaciens canadiens jouent un r\u00f4le essentiel en permettant aux patients d&#039;avoir acc\u00e8s aux m\u00e9dicaments dont ils ont besoin pour g\u00e9rer leur \u00e9tat de sant\u00e9. Toutefois, pour certains patients, le co\u00fbt de ces m\u00e9dicaments peut constituer un obstacle important \u00e0 l&#039;acc\u00e8s aux soins dont ils ont besoin. Heureusement, il existe plusieurs moyens pour les pharmaciens canadiens d&#039;apporter une aide financi\u00e8re aux patients.\" \/>\n<meta name=\"robots\" content=\"index, follow, max-snippet:-1, max-image-preview:large, max-video-preview:-1\" \/>\n<link rel=\"canonical\" href=\"https:\/\/about.myrx.care\/fr\/services\/programmes-de-pharmacie\/\" \/>\n<meta property=\"og:locale\" content=\"fr_FR\" \/>\n<meta property=\"og:type\" content=\"article\" \/>\n<meta property=\"og:title\" content=\"Programmes de pharmacie\" \/>\n<meta property=\"og:description\" content=\"Les pharmaciens canadiens jouent un r\u00f4le essentiel en permettant aux patients d&#039;avoir acc\u00e8s aux m\u00e9dicaments dont ils ont besoin pour g\u00e9rer leur \u00e9tat de sant\u00e9. Toutefois, pour certains patients, le co\u00fbt de ces m\u00e9dicaments peut constituer un obstacle important \u00e0 l&#039;acc\u00e8s aux soins dont ils ont besoin. Heureusement, il existe plusieurs moyens pour les pharmaciens canadiens d&#039;apporter une aide financi\u00e8re aux patients.\" \/>\n<meta property=\"og:url\" content=\"https:\/\/about.myrx.care\/fr\/services\/programmes-de-pharmacie\/\" \/>\n<meta property=\"og:site_name\" content=\"MyRx.care: Transforming the way pharmacies, payers and patients experience healthcare.\" \/>\n<meta property=\"article:publisher\" content=\"https:\/\/www.facebook.com\/profile.php?id=100089307620118\" \/>\n<meta property=\"article:modified_time\" content=\"2023-02-15T15:22:08+00:00\" \/>\n<meta name=\"twitter:card\" content=\"summary_large_image\" \/>\n<meta name=\"twitter:label1\" content=\"Dur\u00e9e de lecture estim\u00e9e\" \/>\n\t<meta name=\"twitter:data1\" content=\"1 minute\" \/>\n<script type=\"application\/ld+json\" class=\"yoast-schema-graph\">{\"@context\":\"https:\\\/\\\/schema.org\",\"@graph\":[{\"@type\":\"WebPage\",\"@id\":\"https:\\\/\\\/about.myrx.care\\\/fr\\\/services\\\/programmes-de-pharmacie\\\/\",\"url\":\"https:\\\/\\\/about.myrx.care\\\/fr\\\/services\\\/programmes-de-pharmacie\\\/\",\"name\":\"Programmes de pharmacie\",\"isPartOf\":{\"@id\":\"https:\\\/\\\/about.myrx.care\\\/#website\"},\"datePublished\":\"2023-01-20T17:03:43+00:00\",\"dateModified\":\"2023-02-15T15:22:08+00:00\",\"description\":\"Les pharmaciens canadiens jouent un r\u00f4le essentiel en permettant aux patients d'avoir acc\u00e8s aux m\u00e9dicaments dont ils ont besoin pour g\u00e9rer leur \u00e9tat de sant\u00e9. Toutefois, pour certains patients, le co\u00fbt de ces m\u00e9dicaments peut constituer un obstacle important \u00e0 l'acc\u00e8s aux soins dont ils ont besoin. Heureusement, il existe plusieurs moyens pour les pharmaciens canadiens d'apporter une aide financi\u00e8re aux patients.\",\"breadcrumb\":{\"@id\":\"https:\\\/\\\/about.myrx.care\\\/fr\\\/services\\\/programmes-de-pharmacie\\\/#breadcrumb\"},\"inLanguage\":\"fr-FR\",\"potentialAction\":[{\"@type\":\"ReadAction\",\"target\":[\"https:\\\/\\\/about.myrx.care\\\/fr\\\/services\\\/programmes-de-pharmacie\\\/\"]}]},{\"@type\":\"BreadcrumbList\",\"@id\":\"https:\\\/\\\/about.myrx.care\\\/fr\\\/services\\\/programmes-de-pharmacie\\\/#breadcrumb\",\"itemListElement\":[{\"@type\":\"ListItem\",\"position\":1,\"name\":\"Home\",\"item\":\"https:\\\/\\\/about.myrx.care\\\/fr\\\/\"},{\"@type\":\"ListItem\",\"position\":2,\"name\":\"Services\",\"item\":\"https:\\\/\\\/about.myrx.care\\\/fr\\\/services\\\/\"},{\"@type\":\"ListItem\",\"position\":3,\"name\":\"Programmes de pharmacie\"}]},{\"@type\":\"WebSite\",\"@id\":\"https:\\\/\\\/about.myrx.care\\\/#website\",\"url\":\"https:\\\/\\\/about.myrx.care\\\/\",\"name\":\"MyRx Care\u2122 provides support services such as patient access to financial reimbursement and adherence tools.\",\"description\":\"Transforming the way pharmacies, payers and patients experience healthcare.\",\"publisher\":{\"@id\":\"https:\\\/\\\/about.myrx.care\\\/#organization\"},\"potentialAction\":[{\"@type\":\"SearchAction\",\"target\":{\"@type\":\"EntryPoint\",\"urlTemplate\":\"https:\\\/\\\/about.myrx.care\\\/?s={search_term_string}\"},\"query-input\":{\"@type\":\"PropertyValueSpecification\",\"valueRequired\":true,\"valueName\":\"search_term_string\"}}],\"inLanguage\":\"fr-FR\"},{\"@type\":\"Organization\",\"@id\":\"https:\\\/\\\/about.myrx.care\\\/#organization\",\"name\":\"MyRx Care\u2122 provides support services such as patient access to financial reimbursement and adherence tools.\",\"url\":\"https:\\\/\\\/about.myrx.care\\\/\",\"logo\":{\"@type\":\"ImageObject\",\"inLanguage\":\"fr-FR\",\"@id\":\"https:\\\/\\\/about.myrx.care\\\/#\\\/schema\\\/logo\\\/image\\\/\",\"url\":\"https:\\\/\\\/cxn093.p3cdn1.secureserver.net\\\/wp-content\\\/uploads\\\/2018\\\/08\\\/MyRx_logo-TM.png?time=1676299238\",\"contentUrl\":\"https:\\\/\\\/cxn093.p3cdn1.secureserver.net\\\/wp-content\\\/uploads\\\/2018\\\/08\\\/MyRx_logo-TM.png?time=1676299238\",\"width\":512,\"height\":512,\"caption\":\"MyRx Care\u2122 provides support services such as patient access to financial reimbursement and adherence tools.\"},\"image\":{\"@id\":\"https:\\\/\\\/about.myrx.care\\\/#\\\/schema\\\/logo\\\/image\\\/\"},\"sameAs\":[\"https:\\\/\\\/www.facebook.com\\\/profile.php?id=100089307620118\",\"https:\\\/\\\/www.instagram.com\\\/myrxcare\\\/\",\"https:\\\/\\\/www.youtube.com\\\/@myrxcare\",\"https:\\\/\\\/www.linkedin.com\\\/company\\\/myrx-care\\\/\"]}]}<\/script>\n<!-- \/ Yoast SEO Premium plugin. -->","yoast_head_json":{"title":"Programmes de pharmacie","description":"Les pharmaciens canadiens jouent un r\u00f4le essentiel en permettant aux patients d'avoir acc\u00e8s aux m\u00e9dicaments dont ils ont besoin pour g\u00e9rer leur \u00e9tat de sant\u00e9. Toutefois, pour certains patients, le co\u00fbt de ces m\u00e9dicaments peut constituer un obstacle important \u00e0 l'acc\u00e8s aux soins dont ils ont besoin. Heureusement, il existe plusieurs moyens pour les pharmaciens canadiens d'apporter une aide financi\u00e8re aux patients.","robots":{"index":"index","follow":"follow","max-snippet":"max-snippet:-1","max-image-preview":"max-image-preview:large","max-video-preview":"max-video-preview:-1"},"canonical":"https:\/\/about.myrx.care\/fr\/services\/programmes-de-pharmacie\/","og_locale":"fr_FR","og_type":"article","og_title":"Programmes de pharmacie","og_description":"Les pharmaciens canadiens jouent un r\u00f4le essentiel en permettant aux patients d'avoir acc\u00e8s aux m\u00e9dicaments dont ils ont besoin pour g\u00e9rer leur \u00e9tat de sant\u00e9. Toutefois, pour certains patients, le co\u00fbt de ces m\u00e9dicaments peut constituer un obstacle important \u00e0 l'acc\u00e8s aux soins dont ils ont besoin. Heureusement, il existe plusieurs moyens pour les pharmaciens canadiens d'apporter une aide financi\u00e8re aux patients.","og_url":"https:\/\/about.myrx.care\/fr\/services\/programmes-de-pharmacie\/","og_site_name":"MyRx.care: Transforming the way pharmacies, payers and patients experience healthcare.","article_publisher":"https:\/\/www.facebook.com\/profile.php?id=100089307620118","article_modified_time":"2023-02-15T15:22:08+00:00","twitter_card":"summary_large_image","twitter_misc":{"Dur\u00e9e de lecture estim\u00e9e":"1 minute"},"schema":{"@context":"https:\/\/schema.org","@graph":[{"@type":"WebPage","@id":"https:\/\/about.myrx.care\/fr\/services\/programmes-de-pharmacie\/","url":"https:\/\/about.myrx.care\/fr\/services\/programmes-de-pharmacie\/","name":"Programmes de pharmacie","isPartOf":{"@id":"https:\/\/about.myrx.care\/#website"},"datePublished":"2023-01-20T17:03:43+00:00","dateModified":"2023-02-15T15:22:08+00:00","description":"Les pharmaciens canadiens jouent un r\u00f4le essentiel en permettant aux patients d'avoir acc\u00e8s aux m\u00e9dicaments dont ils ont besoin pour g\u00e9rer leur \u00e9tat de sant\u00e9. Toutefois, pour certains patients, le co\u00fbt de ces m\u00e9dicaments peut constituer un obstacle important \u00e0 l'acc\u00e8s aux soins dont ils ont besoin. Heureusement, il existe plusieurs moyens pour les pharmaciens canadiens d'apporter une aide financi\u00e8re aux patients.","breadcrumb":{"@id":"https:\/\/about.myrx.care\/fr\/services\/programmes-de-pharmacie\/#breadcrumb"},"inLanguage":"fr-FR","potentialAction":[{"@type":"ReadAction","target":["https:\/\/about.myrx.care\/fr\/services\/programmes-de-pharmacie\/"]}]},{"@type":"BreadcrumbList","@id":"https:\/\/about.myrx.care\/fr\/services\/programmes-de-pharmacie\/#breadcrumb","itemListElement":[{"@type":"ListItem","position":1,"name":"Home","item":"https:\/\/about.myrx.care\/fr\/"},{"@type":"ListItem","position":2,"name":"Services","item":"https:\/\/about.myrx.care\/fr\/services\/"},{"@type":"ListItem","position":3,"name":"Programmes de pharmacie"}]},{"@type":"WebSite","@id":"https:\/\/about.myrx.care\/#website","url":"https:\/\/about.myrx.care\/","name":"MyRx Care\u2122 provides support services such as patient access to financial reimbursement and adherence tools.","description":"Transforming the way pharmacies, payers and patients experience healthcare.","publisher":{"@id":"https:\/\/about.myrx.care\/#organization"},"potentialAction":[{"@type":"SearchAction","target":{"@type":"EntryPoint","urlTemplate":"https:\/\/about.myrx.care\/?s={search_term_string}"},"query-input":{"@type":"PropertyValueSpecification","valueRequired":true,"valueName":"search_term_string"}}],"inLanguage":"fr-FR"},{"@type":"Organization","@id":"https:\/\/about.myrx.care\/#organization","name":"MyRx Care\u2122 provides support services such as patient access to financial reimbursement and adherence tools.","url":"https:\/\/about.myrx.care\/","logo":{"@type":"ImageObject","inLanguage":"fr-FR","@id":"https:\/\/about.myrx.care\/#\/schema\/logo\/image\/","url":"https:\/\/cxn093.p3cdn1.secureserver.net\/wp-content\/uploads\/2018\/08\/MyRx_logo-TM.png?time=1676299238","contentUrl":"https:\/\/cxn093.p3cdn1.secureserver.net\/wp-content\/uploads\/2018\/08\/MyRx_logo-TM.png?time=1676299238","width":512,"height":512,"caption":"MyRx Care\u2122 provides support services such as patient access to financial reimbursement and adherence tools."},"image":{"@id":"https:\/\/about.myrx.care\/#\/schema\/logo\/image\/"},"sameAs":["https:\/\/www.facebook.com\/profile.php?id=100089307620118","https:\/\/www.instagram.com\/myrxcare\/","https:\/\/www.youtube.com\/@myrxcare","https:\/\/www.linkedin.com\/company\/myrx-care\/"]}]}},"_links":{"self":[{"href":"https:\/\/about.myrx.care\/fr\/wp-json\/wp\/v2\/pages\/1045","targetHints":{"allow":["GET"]}}],"collection":[{"href":"https:\/\/about.myrx.care\/fr\/wp-json\/wp\/v2\/pages"}],"about":[{"href":"https:\/\/about.myrx.care\/fr\/wp-json\/wp\/v2\/types\/page"}],"author":[{"embeddable":true,"href":"https:\/\/about.myrx.care\/fr\/wp-json\/wp\/v2\/users\/2"}],"replies":[{"embeddable":true,"href":"https:\/\/about.myrx.care\/fr\/wp-json\/wp\/v2\/comments?post=1045"}],"version-history":[{"count":1,"href":"https:\/\/about.myrx.care\/fr\/wp-json\/wp\/v2\/pages\/1045\/revisions"}],"predecessor-version":[{"id":1052,"href":"https:\/\/about.myrx.care\/fr\/wp-json\/wp\/v2\/pages\/1045\/revisions\/1052"}],"up":[{"embeddable":true,"href":"https:\/\/about.myrx.care\/fr\/wp-json\/wp\/v2\/pages\/1047"}],"wp:attachment":[{"href":"https:\/\/about.myrx.care\/fr\/wp-json\/wp\/v2\/media?parent=1045"}],"curies":[{"name":"wp","href":"https:\/\/api.w.org\/{rel}","templated":true}]}}