{"id":1047,"date":"2023-01-20T15:58:29","date_gmt":"2023-01-20T15:58:29","guid":{"rendered":"https:\/\/about.myrx.care\/services\/"},"modified":"2023-09-13T14:52:57","modified_gmt":"2023-09-13T14:52:57","slug":"services","status":"publish","type":"page","link":"https:\/\/about.myrx.care\/fr\/services\/","title":{"rendered":"Services"},"content":{"rendered":"\n<p>Bienvenue sur MyRx Care\u2122. Votre \u00e9cosyst\u00e8me tout-en-un pour la gestion des pharmacies, l&#8217;assistance aux patients et l&#8217;\u00e9tablissement de rapports complets<\/p>\n\n\n\n<p><strong>Pourquoi MyRx Care\u2122 ?<\/strong><\/p>\n\n\n\n<ul class=\"wp-block-list\">\n<li>Rationaliser les op\u00e9rations<\/li>\n\n\n\n<li>Am\u00e9liorer le soutien aux patients<\/li>\n\n\n\n<li>Normes de rapport Elevate<\/li>\n\n\n\n<li>Interfaces s\u00e9curis\u00e9es et conviviales<\/li>\n<\/ul>\n\n\n\n<figure class=\"wp-block-embed is-type-video is-provider-vimeo wp-block-embed-vimeo\"><div class=\"wp-block-embed__wrapper\">\n<iframe loading=\"lazy\" title=\"Bienvenue sur la passerelle MyRx Care\u2122\" src=\"https:\/\/player.vimeo.com\/video\/844269062?h=455be1bbc7&amp;dnt=1&amp;app_id=122963\" width=\"500\" height=\"281\" frameborder=\"0\" allow=\"autoplay; fullscreen; picture-in-picture; clipboard-write\"><\/iframe>\n<\/div><\/figure>\n\n\n\n<p><strong>MyRx Care\u2122 Portal :<\/strong> Automatisation des t\u00e2ches de routine et acc\u00e9l\u00e9ration des flux de remboursement.<\/p>\n\n\n\n<p><strong>Application mobile MyRx Care\u2122 Support : <\/strong>Stimuler l&#8217;adh\u00e9sion aux m\u00e9dicaments gr\u00e2ce \u00e0 des communications personnalis\u00e9es bas\u00e9es sur des donn\u00e9es.<\/p>\n\n\n\n<p><strong>Rapports MyRx Care\u2122 : <\/strong>\u00c9tablir de nouvelles r\u00e9f\u00e9rences dans le secteur gr\u00e2ce \u00e0 des informations approfondies.<\/p>\n\n\n\n<p><strong>MyRx Care\u2122 Gateway : <\/strong>Une solution autonome et peu co\u00fbteuse pour la gestion des pharmacies.<\/p>\n\n\n\n<p><strong>MyRx Care\u2122 Second Page Print-out : <\/strong>messages imm\u00e9diats et personnalis\u00e9s pour am\u00e9liorer le soutien aux patients.<\/p>\n\n\n\n<p><strong>MyRx Care<\/strong><strong>\u2122 Portal<\/strong><\/p>\n\n\n\n<ul class=\"wp-block-list\">\n<li>Reprend le travail de routine des PSP et acc\u00e9l\u00e8re les d\u00e9lais de remboursement.<\/li>\n\n\n\n<li>Travaille avec les PSP ou de mani\u00e8re ind\u00e9pendante.<\/li>\n\n\n\n<li>R\u00e9duire les frais g\u00e9n\u00e9raux de 70 %.<\/li>\n\n\n\n<li>Mises \u00e0 jour en temps r\u00e9el.<\/li>\n\n\n\n<li>Les travailleurs sociaux peuvent se concentrer sur l&#8217;escalade et d&#8217;autres t\u00e2ches.<\/li>\n<\/ul>\n\n\n\n<p><strong>MyRx Care<\/strong><strong>\u2122 Support Patient App<\/strong><\/p>\n\n\n\n<ul class=\"wp-block-list\">\n<li>Am\u00e9liore l&#8217;observance du traitement gr\u00e2ce \u00e0 des rappels de renouvellement et des conseils sur les m\u00e9dicaments.<\/li>\n\n\n\n<li>L&#8217;approche fond\u00e9e sur les donn\u00e9es permet d&#8217;\u00e9laborer des strat\u00e9gies de communication personnalis\u00e9es.<\/li>\n\n\n\n<li>Id\u00e9al pour les biosimilaires dont les co\u00fbts sont inf\u00e9rieurs \u00e0 ceux des produits biologiques<\/li>\n\n\n\n<li>Fournit une assistance financi\u00e8re et une aide \u00e0 la navigation en mati\u00e8re d&#8217;assurance.<\/li>\n\n\n\n<li>Alternative rentable aux programmes traditionnels de soutien aux patients.<\/li>\n<\/ul>\n\n\n\n<p><strong>MyRx Care<\/strong><strong>\u2122 Reporting<\/strong><\/p>\n\n\n\n<ul class=\"wp-block-list\">\n<li>La norme la plus \u00e9lev\u00e9e pour les rapports de l&#8217;industrie (plus de 40 types de rapports).<\/li>\n\n\n\n<li>Sachez qui vous d\u00e9livre vos m\u00e9dicaments gr\u00e2ce aux donn\u00e9es des pharmacies<\/li>\n\n\n\n<li>Consultation de l&#8217;historique complet des demandes de remboursement par num\u00e9ro d&#8217;identification de l&#8217;adh\u00e9rent.<\/li>\n\n\n\n<li>Recherche de plusieurs m\u00e9dicaments dans diff\u00e9rents canaux.<\/li>\n\n\n\n<li>Rapport de surveillance et rapprochement financier des factures des adjudicateurs en tant que soutien.<\/li>\n\n\n\n<li>Filtrer toutes les donn\u00e9es en fonction d&#8217;un certain nombre de param\u00e8tres tels que le lieu, la cha\u00eene et le type de payeur.<\/li>\n<\/ul>\n\n\n\n<p><strong>MyRx Care<\/strong><strong>\u2122 Gateway<\/strong><\/p>\n\n\n\n<ul class=\"wp-block-list\">\n<li>Il n&#8217;est pas n\u00e9cessaire de le connecter \u00e0 une PSP.<\/li>\n\n\n\n<li>Solution cl\u00e9 en main \u00e0 faible co\u00fbt.<\/li>\n\n\n\n<li>Permet aux pharmacies de g\u00e9rer leurs propres patients.<\/li>\n\n\n\n<li>Panneau d&#8217;administration facile \u00e0 utiliser.<\/li>\n\n\n\n<li>Authentification \u00e0 deux facteurs.<\/li>\n<\/ul>\n\n\n\n<p><strong>MyRx Care<\/strong><strong>\u2122 Deuxi\u00e8me page imprim\u00e9e<\/strong><\/p>\n\n\n\n<ul class=\"wp-block-list\">\n<li>Messages personnalis\u00e9s combin\u00e9s \u00e0 une carte de soutien aux patients.<\/li>\n\n\n\n<li>Le patient re\u00e7oit des instructions au moment de la d\u00e9livrance de l&#8217;ordonnance.<\/li>\n\n\n\n<li>Les communications sont imm\u00e9diates &#8211; pas besoin d&#8217;appels de suivi.<\/li>\n<\/ul>\n\n\n\n<p><strong>MyRx Care\u2122<\/strong><\/p>\n\n\n\n<p>Transformer la fa\u00e7on dont les pharmacies, les payeurs et les patients vivent les soins de sant\u00e9.<\/p>\n","protected":false},"excerpt":{"rendered":"<p>Bienvenue sur MyRx Care\u2122. Votre \u00e9cosyst\u00e8me tout-en-un pour la gestion des pharmacies, l&#8217;assistance aux patients et l&#8217;\u00e9tablissement de rapports complets Pourquoi MyRx Care\u2122 ? MyRx Care\u2122 Portal : Automatisation des t\u00e2ches de routine et acc\u00e9l\u00e9ration des flux de remboursement. Application mobile MyRx Care\u2122 Support :&#8230;<\/p>\n","protected":false},"author":3,"featured_media":0,"parent":0,"menu_order":0,"comment_status":"closed","ping_status":"closed","template":"","meta":{"_coblocks_attr":"","_coblocks_dimensions":"","_coblocks_responsive_height":"","_coblocks_accordion_ie_support":"","footnotes":""},"class_list":["post-1047","page","type-page","status-publish","hentry"],"yoast_head":"<!-- This site is optimized with the Yoast SEO Premium plugin v27.4 (Yoast SEO v27.4) - https:\/\/yoast.com\/product\/yoast-seo-premium-wordpress\/ -->\n<title>Services<\/title>\n<meta name=\"description\" content=\"Votre \u00e9cosyst\u00e8me tout-en-un pour la gestion des pharmacies, l&#039;assistance aux patients et l&#039;\u00e9tablissement de rapports complets\" \/>\n<meta name=\"robots\" content=\"index, follow, max-snippet:-1, max-image-preview:large, max-video-preview:-1\" \/>\n<link rel=\"canonical\" href=\"https:\/\/about.myrx.care\/fr\/services\/\" \/>\n<meta property=\"og:locale\" content=\"fr_FR\" \/>\n<meta property=\"og:type\" content=\"article\" \/>\n<meta property=\"og:title\" content=\"Services\" \/>\n<meta property=\"og:description\" content=\"Votre \u00e9cosyst\u00e8me tout-en-un pour la gestion des pharmacies, l&#039;assistance aux patients et l&#039;\u00e9tablissement de rapports complets\" \/>\n<meta property=\"og:url\" content=\"https:\/\/about.myrx.care\/fr\/services\/\" \/>\n<meta property=\"og:site_name\" content=\"MyRx.care: Transforming the way pharmacies, payers and patients experience healthcare.\" \/>\n<meta property=\"article:publisher\" content=\"https:\/\/www.facebook.com\/profile.php?id=100089307620118\" \/>\n<meta property=\"article:modified_time\" content=\"2023-09-13T14:52:57+00:00\" \/>\n<meta name=\"twitter:card\" content=\"summary_large_image\" \/>\n<meta name=\"twitter:label1\" content=\"Dur\u00e9e de lecture estim\u00e9e\" \/>\n\t<meta name=\"twitter:data1\" content=\"2 minutes\" \/>\n<script type=\"application\/ld+json\" class=\"yoast-schema-graph\">{\"@context\":\"https:\\\/\\\/schema.org\",\"@graph\":[{\"@type\":\"WebPage\",\"@id\":\"https:\\\/\\\/about.myrx.care\\\/fr\\\/services\\\/\",\"url\":\"https:\\\/\\\/about.myrx.care\\\/fr\\\/services\\\/\",\"name\":\"Services\",\"isPartOf\":{\"@id\":\"https:\\\/\\\/about.myrx.care\\\/#website\"},\"datePublished\":\"2023-01-20T15:58:29+00:00\",\"dateModified\":\"2023-09-13T14:52:57+00:00\",\"description\":\"Votre \u00e9cosyst\u00e8me tout-en-un pour la gestion des pharmacies, l'assistance aux patients et l'\u00e9tablissement de rapports complets\",\"breadcrumb\":{\"@id\":\"https:\\\/\\\/about.myrx.care\\\/fr\\\/services\\\/#breadcrumb\"},\"inLanguage\":\"fr-FR\",\"potentialAction\":[{\"@type\":\"ReadAction\",\"target\":[\"https:\\\/\\\/about.myrx.care\\\/fr\\\/services\\\/\"]}]},{\"@type\":\"BreadcrumbList\",\"@id\":\"https:\\\/\\\/about.myrx.care\\\/fr\\\/services\\\/#breadcrumb\",\"itemListElement\":[{\"@type\":\"ListItem\",\"position\":1,\"name\":\"Home\",\"item\":\"https:\\\/\\\/about.myrx.care\\\/fr\\\/\"},{\"@type\":\"ListItem\",\"position\":2,\"name\":\"Services\"}]},{\"@type\":\"WebSite\",\"@id\":\"https:\\\/\\\/about.myrx.care\\\/#website\",\"url\":\"https:\\\/\\\/about.myrx.care\\\/\",\"name\":\"MyRx Care\u2122 provides support services such as patient access to financial reimbursement and adherence tools.\",\"description\":\"Transforming the way pharmacies, payers and patients experience healthcare.\",\"publisher\":{\"@id\":\"https:\\\/\\\/about.myrx.care\\\/#organization\"},\"potentialAction\":[{\"@type\":\"SearchAction\",\"target\":{\"@type\":\"EntryPoint\",\"urlTemplate\":\"https:\\\/\\\/about.myrx.care\\\/?s={search_term_string}\"},\"query-input\":{\"@type\":\"PropertyValueSpecification\",\"valueRequired\":true,\"valueName\":\"search_term_string\"}}],\"inLanguage\":\"fr-FR\"},{\"@type\":\"Organization\",\"@id\":\"https:\\\/\\\/about.myrx.care\\\/#organization\",\"name\":\"MyRx Care\u2122 provides support services such as patient access to financial reimbursement and adherence tools.\",\"url\":\"https:\\\/\\\/about.myrx.care\\\/\",\"logo\":{\"@type\":\"ImageObject\",\"inLanguage\":\"fr-FR\",\"@id\":\"https:\\\/\\\/about.myrx.care\\\/#\\\/schema\\\/logo\\\/image\\\/\",\"url\":\"https:\\\/\\\/cxn093.p3cdn1.secureserver.net\\\/wp-content\\\/uploads\\\/2018\\\/08\\\/MyRx_logo-TM.png?time=1676299238\",\"contentUrl\":\"https:\\\/\\\/cxn093.p3cdn1.secureserver.net\\\/wp-content\\\/uploads\\\/2018\\\/08\\\/MyRx_logo-TM.png?time=1676299238\",\"width\":512,\"height\":512,\"caption\":\"MyRx Care\u2122 provides support services such as patient access to financial reimbursement and adherence tools.\"},\"image\":{\"@id\":\"https:\\\/\\\/about.myrx.care\\\/#\\\/schema\\\/logo\\\/image\\\/\"},\"sameAs\":[\"https:\\\/\\\/www.facebook.com\\\/profile.php?id=100089307620118\",\"https:\\\/\\\/www.instagram.com\\\/myrxcare\\\/\",\"https:\\\/\\\/www.youtube.com\\\/@myrxcare\",\"https:\\\/\\\/www.linkedin.com\\\/company\\\/myrx-care\\\/\"]}]}<\/script>\n<!-- \/ Yoast SEO Premium plugin. -->","yoast_head_json":{"title":"Services","description":"Votre \u00e9cosyst\u00e8me tout-en-un pour la gestion des pharmacies, l'assistance aux patients et l'\u00e9tablissement de rapports complets","robots":{"index":"index","follow":"follow","max-snippet":"max-snippet:-1","max-image-preview":"max-image-preview:large","max-video-preview":"max-video-preview:-1"},"canonical":"https:\/\/about.myrx.care\/fr\/services\/","og_locale":"fr_FR","og_type":"article","og_title":"Services","og_description":"Votre \u00e9cosyst\u00e8me tout-en-un pour la gestion des pharmacies, l'assistance aux patients et l'\u00e9tablissement de rapports complets","og_url":"https:\/\/about.myrx.care\/fr\/services\/","og_site_name":"MyRx.care: Transforming the way pharmacies, payers and patients experience healthcare.","article_publisher":"https:\/\/www.facebook.com\/profile.php?id=100089307620118","article_modified_time":"2023-09-13T14:52:57+00:00","twitter_card":"summary_large_image","twitter_misc":{"Dur\u00e9e de lecture estim\u00e9e":"2 minutes"},"schema":{"@context":"https:\/\/schema.org","@graph":[{"@type":"WebPage","@id":"https:\/\/about.myrx.care\/fr\/services\/","url":"https:\/\/about.myrx.care\/fr\/services\/","name":"Services","isPartOf":{"@id":"https:\/\/about.myrx.care\/#website"},"datePublished":"2023-01-20T15:58:29+00:00","dateModified":"2023-09-13T14:52:57+00:00","description":"Votre \u00e9cosyst\u00e8me tout-en-un pour la gestion des pharmacies, l'assistance aux patients et l'\u00e9tablissement de rapports complets","breadcrumb":{"@id":"https:\/\/about.myrx.care\/fr\/services\/#breadcrumb"},"inLanguage":"fr-FR","potentialAction":[{"@type":"ReadAction","target":["https:\/\/about.myrx.care\/fr\/services\/"]}]},{"@type":"BreadcrumbList","@id":"https:\/\/about.myrx.care\/fr\/services\/#breadcrumb","itemListElement":[{"@type":"ListItem","position":1,"name":"Home","item":"https:\/\/about.myrx.care\/fr\/"},{"@type":"ListItem","position":2,"name":"Services"}]},{"@type":"WebSite","@id":"https:\/\/about.myrx.care\/#website","url":"https:\/\/about.myrx.care\/","name":"MyRx Care\u2122 provides support services such as patient access to financial reimbursement and adherence tools.","description":"Transforming the way pharmacies, payers and patients experience healthcare.","publisher":{"@id":"https:\/\/about.myrx.care\/#organization"},"potentialAction":[{"@type":"SearchAction","target":{"@type":"EntryPoint","urlTemplate":"https:\/\/about.myrx.care\/?s={search_term_string}"},"query-input":{"@type":"PropertyValueSpecification","valueRequired":true,"valueName":"search_term_string"}}],"inLanguage":"fr-FR"},{"@type":"Organization","@id":"https:\/\/about.myrx.care\/#organization","name":"MyRx Care\u2122 provides support services such as patient access to financial reimbursement and adherence tools.","url":"https:\/\/about.myrx.care\/","logo":{"@type":"ImageObject","inLanguage":"fr-FR","@id":"https:\/\/about.myrx.care\/#\/schema\/logo\/image\/","url":"https:\/\/cxn093.p3cdn1.secureserver.net\/wp-content\/uploads\/2018\/08\/MyRx_logo-TM.png?time=1676299238","contentUrl":"https:\/\/cxn093.p3cdn1.secureserver.net\/wp-content\/uploads\/2018\/08\/MyRx_logo-TM.png?time=1676299238","width":512,"height":512,"caption":"MyRx Care\u2122 provides support services such as patient access to financial reimbursement and adherence tools."},"image":{"@id":"https:\/\/about.myrx.care\/#\/schema\/logo\/image\/"},"sameAs":["https:\/\/www.facebook.com\/profile.php?id=100089307620118","https:\/\/www.instagram.com\/myrxcare\/","https:\/\/www.youtube.com\/@myrxcare","https:\/\/www.linkedin.com\/company\/myrx-care\/"]}]}},"_links":{"self":[{"href":"https:\/\/about.myrx.care\/fr\/wp-json\/wp\/v2\/pages\/1047","targetHints":{"allow":["GET"]}}],"collection":[{"href":"https:\/\/about.myrx.care\/fr\/wp-json\/wp\/v2\/pages"}],"about":[{"href":"https:\/\/about.myrx.care\/fr\/wp-json\/wp\/v2\/types\/page"}],"author":[{"embeddable":true,"href":"https:\/\/about.myrx.care\/fr\/wp-json\/wp\/v2\/users\/3"}],"replies":[{"embeddable":true,"href":"https:\/\/about.myrx.care\/fr\/wp-json\/wp\/v2\/comments?post=1047"}],"version-history":[{"count":5,"href":"https:\/\/about.myrx.care\/fr\/wp-json\/wp\/v2\/pages\/1047\/revisions"}],"predecessor-version":[{"id":1465,"href":"https:\/\/about.myrx.care\/fr\/wp-json\/wp\/v2\/pages\/1047\/revisions\/1465"}],"wp:attachment":[{"href":"https:\/\/about.myrx.care\/fr\/wp-json\/wp\/v2\/media?parent=1047"}],"curies":[{"name":"wp","href":"https:\/\/api.w.org\/{rel}","templated":true}]}}