{"id":1080,"date":"2023-02-03T14:04:46","date_gmt":"2023-02-03T14:04:46","guid":{"rendered":"https:\/\/about.myrx.care\/nous-contacter\/webinars\/"},"modified":"2023-02-15T16:47:24","modified_gmt":"2023-02-15T16:47:24","slug":"webinars","status":"publish","type":"page","link":"https:\/\/about.myrx.care\/fr\/nous-contacter\/webinars\/","title":{"rendered":"Webinars"},"content":{"rendered":"<section class=\"wpb-content-wrapper\"><p>[vc_row][vc_column width=&#8221;2\/3&#8243;]\r\n<div class=\"sh-heading  \" id=\"heading-dTEqaYoGpI\">\r\n\t<div class=\"sh-element-margin\">\r\n\r\n\t\t\r\n\t\t\t<h3 class=\"sh-heading-content size-default text-left\">\r\n\t\t\t\tModernisez votre pratique pharmaceutique\t\t\t<\/h3>\r\n\r\n\t\t\r\n\t<\/div>\r\n<\/div>\r\n            <style type=\"text\/css\">\r\n                #heading-dTEqaYoGpI .sh-element-margin {}#heading-dTEqaYoGpI .sh-heading-content {font-weight: 700!important;}#heading-dTEqaYoGpI .sh-heading-content,#heading-dTEqaYoGpI .sh-heading-additional-text {}            <\/style>\r\n        \r\n            \r\n            <div class=\"sh-empty-space vc_empty_space sh-empty-space-RzacIrmuQO  \" style=\"height: 20px\">\r\n                <span class=\"vc_empty_space_inner\"><\/span>\r\n            <\/div>\r\n\r\n        [vc_column_text]<span dir=\"ltr\" role=\"presentation\">Vous \u00eates une pharmacie de d\u00e9tail canadienne et vous souhaitez am\u00e9liorer votre efficacit\u00e9 <\/span><span dir=\"ltr\" role=\"presentation\">la pratique ? <\/span><\/p>\n<p><span dir=\"ltr\" role=\"presentation\">Nos webinaires couvrent les s\u00e9ances de questions-r\u00e9ponses, les applications d&#8217;observance, les aspects financiers, <\/span><span dir=\"ltr\" role=\"presentation\">les programmes d&#8217;assistance, les tendances de l&#8217;industrie et les invit\u00e9s sp\u00e9ciaux de la Commission europ\u00e9enne <\/span><span dir=\"ltr\" role=\"presentation\">l&#8217;industrie pharmaceutique.<\/span><\/p>\n<p><br role=\"presentation\" \/><span dir=\"ltr\" role=\"presentation\">Inscrivez-vous ci-dessous et nous vous informerons des prochains webinaires. Faites-nous savoir <\/span><span dir=\"ltr\" role=\"presentation\">sur tous les sujets qui vous int\u00e9ressent.<\/span>[\/vc_column_text]<script type=\"text\/javascript\">\n\/* <![CDATA[ *\/\nvar gform;gform||(document.addEventListener(\"gform_main_scripts_loaded\",function(){gform.scriptsLoaded=!0}),document.addEventListener(\"gform\/theme\/scripts_loaded\",function(){gform.themeScriptsLoaded=!0}),window.addEventListener(\"DOMContentLoaded\",function(){gform.domLoaded=!0}),gform={domLoaded:!1,scriptsLoaded:!1,themeScriptsLoaded:!1,isFormEditor:()=>\"function\"==typeof InitializeEditor,callIfLoaded:function(o){return!(!gform.domLoaded||!gform.scriptsLoaded||!gform.themeScriptsLoaded&&!gform.isFormEditor()||(gform.isFormEditor()&&console.warn(\"The use of gform.initializeOnLoaded() is deprecated in the form editor context and will be removed in Gravity Forms 3.1.\"),o(),0))},initializeOnLoaded:function(o){gform.callIfLoaded(o)||(document.addEventListener(\"gform_main_scripts_loaded\",()=>{gform.scriptsLoaded=!0,gform.callIfLoaded(o)}),document.addEventListener(\"gform\/theme\/scripts_loaded\",()=>{gform.themeScriptsLoaded=!0,gform.callIfLoaded(o)}),window.addEventListener(\"DOMContentLoaded\",()=>{gform.domLoaded=!0,gform.callIfLoaded(o)}))},hooks:{action:{},filter:{}},addAction:function(o,r,e,t){gform.addHook(\"action\",o,r,e,t)},addFilter:function(o,r,e,t){gform.addHook(\"filter\",o,r,e,t)},doAction:function(o){gform.doHook(\"action\",o,arguments)},applyFilters:function(o){return gform.doHook(\"filter\",o,arguments)},removeAction:function(o,r){gform.removeHook(\"action\",o,r)},removeFilter:function(o,r,e){gform.removeHook(\"filter\",o,r,e)},addHook:function(o,r,e,t,n){null==gform.hooks[o][r]&&(gform.hooks[o][r]=[]);var d=gform.hooks[o][r];null==n&&(n=r+\"_\"+d.length),gform.hooks[o][r].push({tag:n,callable:e,priority:t=null==t?10:t})},doHook:function(r,o,e){var t;if(e=Array.prototype.slice.call(e,1),null!=gform.hooks[r][o]&&((o=gform.hooks[r][o]).sort(function(o,r){return o.priority-r.priority}),o.forEach(function(o){\"function\"!=typeof(t=o.callable)&&(t=window[t]),\"action\"==r?t.apply(null,e):e[0]=t.apply(null,e)})),\"filter\"==r)return e[0]},removeHook:function(o,r,t,n){var e;null!=gform.hooks[o][r]&&(e=(e=gform.hooks[o][r]).filter(function(o,r,e){return!!(null!=n&&n!=o.tag||null!=t&&t!=o.priority)}),gform.hooks[o][r]=e)}});\n\/* ]]> *\/\n<\/script>\n\n                <div class='gf_browser_gecko gform_wrapper gravity-theme gform-theme--no-framework' data-form-theme='gravity-theme' data-form-index='0' id='gform_wrapper_7' >\n                        <div class='gform_heading'>\n\t\t\t\t\t\t\t<p class='gform_required_legend'>\u00ab\u00a0<span class=\"gfield_required gfield_required_asterisk\">*<\/span>\u00a0\u00bb indique les champs n\u00e9cessaires<\/p>\n                        <\/div><form method='post' enctype='multipart\/form-data'  id='gform_7'  action='\/fr\/wp-json\/wp\/v2\/pages\/1080' data-formid='7' novalidate>\n                        <div class='gform-body gform_body'><div id='gform_fields_7' class='gform_fields top_label form_sublabel_below description_below validation_below'><div id=\"field_7_1\" class=\"gfield gfield--type-text gfield_contains_required field_sublabel_below gfield--no-description field_description_below field_validation_below gfield_visibility_visible\"  ><label class='gfield_label gform-field-label' for='input_7_1'>Pr\u00e9nom<span class=\"gfield_required\"><span class=\"gfield_required gfield_required_asterisk\">*<\/span><\/span><\/label><div class='ginput_container ginput_container_text'><input name='input_1' id='input_7_1' type='text' value='' class='large' maxlength='60'    aria-required=\"true\" aria-invalid=\"false\"   \/><\/div><\/div><div id=\"field_7_3\" class=\"gfield gfield--type-text gfield--width-full gfield_contains_required field_sublabel_below gfield--no-description field_description_below field_validation_below gfield_visibility_visible\"  ><label class='gfield_label gform-field-label' for='input_7_3'>Nom de famille<span class=\"gfield_required\"><span class=\"gfield_required gfield_required_asterisk\">*<\/span><\/span><\/label><div class='ginput_container ginput_container_text'><input name='input_3' id='input_7_3' type='text' value='' class='large' maxlength='60'    aria-required=\"true\" aria-invalid=\"false\"   \/><\/div><\/div><div id=\"field_7_4\" class=\"gfield gfield--type-text gfield--width-full gfield_contains_required field_sublabel_below gfield--no-description field_description_below field_validation_below gfield_visibility_visible\"  ><label class='gfield_label gform-field-label' for='input_7_4'>Entreprise<span class=\"gfield_required\"><span class=\"gfield_required gfield_required_asterisk\">*<\/span><\/span><\/label><div class='ginput_container ginput_container_text'><input name='input_4' id='input_7_4' type='text' value='' class='large' maxlength='60'    aria-required=\"true\" aria-invalid=\"false\"   \/><\/div><\/div><div id=\"field_7_5\" class=\"gfield gfield--type-email gfield--width-full gfield_contains_required field_sublabel_below gfield--no-description field_description_below field_validation_below gfield_visibility_visible\"  ><label class='gfield_label gform-field-label' for='input_7_5'>Adresse E-mail<span class=\"gfield_required\"><span class=\"gfield_required gfield_required_asterisk\">*<\/span><\/span><\/label><div class='ginput_container ginput_container_email'>\n                            <input name='input_5' id='input_7_5' type='email' value='' class='large'    aria-required=\"true\" aria-invalid=\"false\"  \/>\n                        <\/div><\/div><fieldset id=\"field_7_6\" class=\"gfield gfield--type-checkbox gfield--type-choice gfield_contains_required field_sublabel_below gfield--no-description field_description_below hidden_label field_validation_below gfield_visibility_visible\"  ><legend class='gfield_label gform-field-label gfield_label_before_complex' >Consent<span class=\"gfield_required\"><span class=\"gfield_required gfield_required_asterisk\">*<\/span><\/span><\/legend><div class='ginput_container ginput_container_checkbox'><div class='gfield_checkbox ' id='input_7_6'><div class='gchoice gchoice_7_6_1'>\n\t\t\t\t\t\t\t\t<input class='gfield-choice-input' name='input_6.1' type='checkbox'  value='Je comprends que je peux me d\u00e9sabonner de tous les envois en s\u00e9lectionnant me d\u00e9sabonner dans le pied de page du bulletin \u00e9lectronique.'  id='choice_7_6_1'   \/>\n\t\t\t\t\t\t\t\t<label for='choice_7_6_1' id='label_7_6_1' class='gform-field-label gform-field-label--type-inline'>Je comprends que je peux me d\u00e9sabonner de tous les envois en s\u00e9lectionnant me d\u00e9sabonner dans le pied de page du bulletin \u00e9lectronique.<\/label>\n\t\t\t\t\t\t\t<\/div><\/div><\/div><\/fieldset><div id=\"field_7_7\" class=\"gfield gfield--type-captcha field_sublabel_below gfield--no-description field_description_below hidden_label field_validation_below gfield_visibility_visible\"  ><label class='gfield_label gform-field-label' for='input_7_7'>CAPTCHA<\/label><div id='input_7_7' class='ginput_container ginput_recaptcha' data-sitekey='6LdqcSckAAAAAIi3RsctENRMBwaKxmkD2BfwqSiF'  data-theme='light' data-tabindex='-1' data-size='invisible' data-badge='bottomleft'><\/div><\/div><\/div><\/div>\n        <div class='gform-footer gform_footer top_label'> <input type='submit' id='gform_submit_button_7' class='gform_button button' onclick='gform.submission.handleButtonClick(this);' data-submission-type='submit' value='Soumettre'  \/> \n            <input type='hidden' class='gform_hidden' name='gform_submission_method' data-js='gform_submission_method_7' value='postback' \/>\n            <input type='hidden' class='gform_hidden' name='gform_theme' data-js='gform_theme_7' id='gform_theme_7' value='gravity-theme' \/>\n            <input type='hidden' class='gform_hidden' name='gform_style_settings' data-js='gform_style_settings_7' id='gform_style_settings_7' value='[]' \/>\n            <input type='hidden' class='gform_hidden' name='is_submit_7' value='1' \/>\n            <input type='hidden' class='gform_hidden' name='gform_submit' value='7' \/>\n            \n            <input type='hidden' class='gform_hidden' name='gform_currency' data-currency='CAD' value='ROnP8GXXmuvDYa5RFzuA33cBwwaWhQ4mTkwK8P1zZKetJcqGsIQi9I2OmtDspeDNtuyIyXfn0ns3TXsxYbd3L93qX93zlokZFSx9l6grnsRGvWs=' \/>\n            <input type='hidden' class='gform_hidden' name='gform_unique_id' value='' \/>\n            <input type='hidden' class='gform_hidden' name='state_7' value='WyJbXSIsIjUyZWNjMzU1MDI5ZTVmNjFiM2VjN2IxMjAyODY3YjhjIl0=' \/>\n            <input type='hidden' autocomplete='off' class='gform_hidden' name='gform_target_page_number_7' id='gform_target_page_number_7' value='0' \/>\n            <input type='hidden' autocomplete='off' class='gform_hidden' name='gform_source_page_number_7' id='gform_source_page_number_7' value='1' \/>\n            <input type='hidden' name='gform_field_values' value='' \/>\n            \n        <\/div>\n                        <p style=\"display: none !important;\" class=\"akismet-fields-container\" data-prefix=\"ak_\"><label>&#916;<textarea name=\"ak_hp_textarea\" cols=\"45\" rows=\"8\" maxlength=\"100\"><\/textarea><\/label><input type=\"hidden\" id=\"ak_js_1\" name=\"ak_js\" value=\"209\"\/><script>document.getElementById( \"ak_js_1\" ).setAttribute( \"value\", ( new Date() ).getTime() );<\/script><\/p><\/form>\n                        <\/div><script type=\"text\/javascript\">\n\/* <![CDATA[ *\/\n gform.initializeOnLoaded( function() {gformInitSpinner( 7, 'https:\/\/about.myrx.care\/wp-content\/plugins\/gravityforms\/images\/spinner.svg', true );jQuery('#gform_ajax_frame_7').on('load',function(){var contents = jQuery(this).contents().find('*').html();var is_postback = contents.indexOf('GF_AJAX_POSTBACK') >= 0;if(!is_postback){return;}var form_content = jQuery(this).contents().find('#gform_wrapper_7');var is_confirmation = jQuery(this).contents().find('#gform_confirmation_wrapper_7').length > 0;var is_redirect = contents.indexOf('gformRedirect(){') >= 0;var is_form = form_content.length > 0 && ! is_redirect && ! is_confirmation;var mt = parseInt(jQuery('html').css('margin-top'), 10) + parseInt(jQuery('body').css('margin-top'), 10) + 100;if(is_form){jQuery('#gform_wrapper_7').html(form_content.html());if(form_content.hasClass('gform_validation_error')){jQuery('#gform_wrapper_7').addClass('gform_validation_error');} else {jQuery('#gform_wrapper_7').removeClass('gform_validation_error');}setTimeout( function() { \/* delay the scroll by 50 milliseconds to fix a bug in chrome *\/  }, 50 );if(window['gformInitDatepicker']) {gformInitDatepicker();}if(window['gformInitPriceFields']) {gformInitPriceFields();}var current_page = jQuery('#gform_source_page_number_7').val();gformInitSpinner( 7, 'https:\/\/about.myrx.care\/wp-content\/plugins\/gravityforms\/images\/spinner.svg', true );jQuery(document).trigger('gform_page_loaded', [7, current_page]);window['gf_submitting_7'] = false;}else if(!is_redirect){var confirmation_content = jQuery(this).contents().find('.GF_AJAX_POSTBACK').html();if(!confirmation_content){confirmation_content = contents;}jQuery('#gform_wrapper_7').replaceWith(confirmation_content);jQuery(document).trigger('gform_confirmation_loaded', [7]);window['gf_submitting_7'] = false;wp.a11y.speak(jQuery('#gform_confirmation_message_7').text());}else{jQuery('#gform_7').append(contents);if(window['gformRedirect']) {gformRedirect();}}jQuery(document).trigger(\"gform_pre_post_render\", [{ formId: \"7\", currentPage: \"current_page\", abort: function() { this.preventDefault(); } }]);        if (event && event.defaultPrevented) {                return;        }        const gformWrapperDiv = document.getElementById( \"gform_wrapper_7\" );        if ( gformWrapperDiv ) {            const visibilitySpan = document.createElement( \"span\" );            visibilitySpan.id = \"gform_visibility_test_7\";            gformWrapperDiv.insertAdjacentElement( \"afterend\", visibilitySpan );        }        const visibilityTestDiv = document.getElementById( \"gform_visibility_test_7\" );        let postRenderFired = false;        function triggerPostRender() {            if ( postRenderFired ) {                return;            }            postRenderFired = true;            gform.core.triggerPostRenderEvents( 7, current_page );            if ( visibilityTestDiv ) {                visibilityTestDiv.parentNode.removeChild( visibilityTestDiv );            }        }        function debounce( func, wait, immediate ) {            var timeout;            return function() {                var context = this, args = arguments;                var later = function() {                    timeout = null;                    if ( !immediate ) func.apply( context, args );                };                var callNow = immediate && !timeout;                clearTimeout( timeout );                timeout = setTimeout( later, wait );                if ( callNow ) func.apply( context, args );            };        }        const debouncedTriggerPostRender = debounce( function() {            triggerPostRender();        }, 200 );        if ( visibilityTestDiv && visibilityTestDiv.offsetParent === null ) {            const observer = new MutationObserver( ( mutations ) => {                mutations.forEach( ( mutation ) => {                    if ( mutation.type === 'attributes' && visibilityTestDiv.offsetParent !== null ) {                        debouncedTriggerPostRender();                        observer.disconnect();                    }                });            });            observer.observe( document.body, {                attributes: true,                childList: false,                subtree: true,                attributeFilter: [ 'style', 'class' ],            });        } else {            triggerPostRender();        }    } );} ); \n\/* ]]> *\/\n<\/script>\n[\/vc_column][vc_column width=&#8221;1\/3&#8243;][\/vc_column][\/vc_row]<\/p>\n<\/section>","protected":false},"excerpt":{"rendered":"<p>[vc_row][vc_column width=&#8221;2\/3&#8243;][vc_column_text]Vous \u00eates une pharmacie de d\u00e9tail canadienne et vous souhaitez am\u00e9liorer votre efficacit\u00e9 la pratique ? Nos webinaires couvrent les s\u00e9ances de questions-r\u00e9ponses, les applications d&#8217;observance, les aspects financiers, les programmes d&#8217;assistance, les tendances de l&#8217;industrie et les invit\u00e9s sp\u00e9ciaux de la Commission europ\u00e9enne&#8230;<\/p>\n","protected":false},"author":2,"featured_media":0,"parent":1064,"menu_order":2,"comment_status":"closed","ping_status":"closed","template":"","meta":{"_coblocks_attr":"","_coblocks_dimensions":"","_coblocks_responsive_height":"","_coblocks_accordion_ie_support":"","footnotes":""},"class_list":["post-1080","page","type-page","status-publish","hentry"],"yoast_head":"<!-- This site is optimized with the Yoast SEO Premium plugin v27.4 (Yoast SEO v27.4) - https:\/\/yoast.com\/product\/yoast-seo-premium-wordpress\/ -->\n<title>Webinars<\/title>\n<meta name=\"robots\" content=\"index, follow, max-snippet:-1, max-image-preview:large, max-video-preview:-1\" \/>\n<link rel=\"canonical\" href=\"https:\/\/about.myrx.care\/fr\/nous-contacter\/webinars\/\" \/>\n<meta property=\"og:locale\" content=\"fr_FR\" \/>\n<meta property=\"og:type\" content=\"article\" \/>\n<meta property=\"og:title\" content=\"Webinars\" \/>\n<meta property=\"og:description\" content=\"[vc_row][vc_column width=&#8221;2\/3&#8243;][vc_column_text]Vous \u00eates une pharmacie de d\u00e9tail canadienne et vous souhaitez am\u00e9liorer votre efficacit\u00e9 la pratique ? Nos webinaires couvrent les s\u00e9ances de questions-r\u00e9ponses, les applications d&#8217;observance, les aspects financiers, les programmes d&#8217;assistance, les tendances de l&#8217;industrie et les invit\u00e9s sp\u00e9ciaux de la Commission europ\u00e9enne...\" \/>\n<meta property=\"og:url\" content=\"https:\/\/about.myrx.care\/fr\/nous-contacter\/webinars\/\" \/>\n<meta property=\"og:site_name\" content=\"MyRx.care: Transforming the way pharmacies, payers and patients experience healthcare.\" \/>\n<meta property=\"article:publisher\" content=\"https:\/\/www.facebook.com\/profile.php?id=100089307620118\" \/>\n<meta property=\"article:modified_time\" content=\"2023-02-15T16:47:24+00:00\" \/>\n<meta name=\"twitter:card\" content=\"summary_large_image\" \/>\n<meta name=\"twitter:label1\" content=\"Dur\u00e9e de lecture estim\u00e9e\" \/>\n\t<meta name=\"twitter:data1\" content=\"1 minute\" \/>\n<script type=\"application\/ld+json\" class=\"yoast-schema-graph\">{\"@context\":\"https:\\\/\\\/schema.org\",\"@graph\":[{\"@type\":\"WebPage\",\"@id\":\"https:\\\/\\\/about.myrx.care\\\/fr\\\/nous-contacter\\\/webinars\\\/\",\"url\":\"https:\\\/\\\/about.myrx.care\\\/fr\\\/nous-contacter\\\/webinars\\\/\",\"name\":\"Webinars\",\"isPartOf\":{\"@id\":\"https:\\\/\\\/about.myrx.care\\\/#website\"},\"datePublished\":\"2023-02-03T14:04:46+00:00\",\"dateModified\":\"2023-02-15T16:47:24+00:00\",\"breadcrumb\":{\"@id\":\"https:\\\/\\\/about.myrx.care\\\/fr\\\/nous-contacter\\\/webinars\\\/#breadcrumb\"},\"inLanguage\":\"fr-FR\",\"potentialAction\":[{\"@type\":\"ReadAction\",\"target\":[\"https:\\\/\\\/about.myrx.care\\\/fr\\\/nous-contacter\\\/webinars\\\/\"]}]},{\"@type\":\"BreadcrumbList\",\"@id\":\"https:\\\/\\\/about.myrx.care\\\/fr\\\/nous-contacter\\\/webinars\\\/#breadcrumb\",\"itemListElement\":[{\"@type\":\"ListItem\",\"position\":1,\"name\":\"Home\",\"item\":\"https:\\\/\\\/about.myrx.care\\\/fr\\\/\"},{\"@type\":\"ListItem\",\"position\":2,\"name\":\"Nous contacter\",\"item\":\"https:\\\/\\\/about.myrx.care\\\/fr\\\/nous-contacter\\\/\"},{\"@type\":\"ListItem\",\"position\":3,\"name\":\"Webinars\"}]},{\"@type\":\"WebSite\",\"@id\":\"https:\\\/\\\/about.myrx.care\\\/#website\",\"url\":\"https:\\\/\\\/about.myrx.care\\\/\",\"name\":\"MyRx Care\u2122 provides support services such as patient access to financial reimbursement and adherence tools.\",\"description\":\"Transforming the way pharmacies, payers and patients experience healthcare.\",\"publisher\":{\"@id\":\"https:\\\/\\\/about.myrx.care\\\/#organization\"},\"potentialAction\":[{\"@type\":\"SearchAction\",\"target\":{\"@type\":\"EntryPoint\",\"urlTemplate\":\"https:\\\/\\\/about.myrx.care\\\/?s={search_term_string}\"},\"query-input\":{\"@type\":\"PropertyValueSpecification\",\"valueRequired\":true,\"valueName\":\"search_term_string\"}}],\"inLanguage\":\"fr-FR\"},{\"@type\":\"Organization\",\"@id\":\"https:\\\/\\\/about.myrx.care\\\/#organization\",\"name\":\"MyRx Care\u2122 provides support services such as patient access to financial reimbursement and adherence tools.\",\"url\":\"https:\\\/\\\/about.myrx.care\\\/\",\"logo\":{\"@type\":\"ImageObject\",\"inLanguage\":\"fr-FR\",\"@id\":\"https:\\\/\\\/about.myrx.care\\\/#\\\/schema\\\/logo\\\/image\\\/\",\"url\":\"https:\\\/\\\/cxn093.p3cdn1.secureserver.net\\\/wp-content\\\/uploads\\\/2018\\\/08\\\/MyRx_logo-TM.png?time=1676299238\",\"contentUrl\":\"https:\\\/\\\/cxn093.p3cdn1.secureserver.net\\\/wp-content\\\/uploads\\\/2018\\\/08\\\/MyRx_logo-TM.png?time=1676299238\",\"width\":512,\"height\":512,\"caption\":\"MyRx Care\u2122 provides support services such as patient access to financial reimbursement and adherence tools.\"},\"image\":{\"@id\":\"https:\\\/\\\/about.myrx.care\\\/#\\\/schema\\\/logo\\\/image\\\/\"},\"sameAs\":[\"https:\\\/\\\/www.facebook.com\\\/profile.php?id=100089307620118\",\"https:\\\/\\\/www.instagram.com\\\/myrxcare\\\/\",\"https:\\\/\\\/www.youtube.com\\\/@myrxcare\",\"https:\\\/\\\/www.linkedin.com\\\/company\\\/myrx-care\\\/\"]}]}<\/script>\n<!-- \/ Yoast SEO Premium plugin. -->","yoast_head_json":{"title":"Webinars","robots":{"index":"index","follow":"follow","max-snippet":"max-snippet:-1","max-image-preview":"max-image-preview:large","max-video-preview":"max-video-preview:-1"},"canonical":"https:\/\/about.myrx.care\/fr\/nous-contacter\/webinars\/","og_locale":"fr_FR","og_type":"article","og_title":"Webinars","og_description":"[vc_row][vc_column width=&#8221;2\/3&#8243;][vc_column_text]Vous \u00eates une pharmacie de d\u00e9tail canadienne et vous souhaitez am\u00e9liorer votre efficacit\u00e9 la pratique ? Nos webinaires couvrent les s\u00e9ances de questions-r\u00e9ponses, les applications d&#8217;observance, les aspects financiers, les programmes d&#8217;assistance, les tendances de l&#8217;industrie et les invit\u00e9s sp\u00e9ciaux de la Commission europ\u00e9enne...","og_url":"https:\/\/about.myrx.care\/fr\/nous-contacter\/webinars\/","og_site_name":"MyRx.care: Transforming the way pharmacies, payers and patients experience healthcare.","article_publisher":"https:\/\/www.facebook.com\/profile.php?id=100089307620118","article_modified_time":"2023-02-15T16:47:24+00:00","twitter_card":"summary_large_image","twitter_misc":{"Dur\u00e9e de lecture estim\u00e9e":"1 minute"},"schema":{"@context":"https:\/\/schema.org","@graph":[{"@type":"WebPage","@id":"https:\/\/about.myrx.care\/fr\/nous-contacter\/webinars\/","url":"https:\/\/about.myrx.care\/fr\/nous-contacter\/webinars\/","name":"Webinars","isPartOf":{"@id":"https:\/\/about.myrx.care\/#website"},"datePublished":"2023-02-03T14:04:46+00:00","dateModified":"2023-02-15T16:47:24+00:00","breadcrumb":{"@id":"https:\/\/about.myrx.care\/fr\/nous-contacter\/webinars\/#breadcrumb"},"inLanguage":"fr-FR","potentialAction":[{"@type":"ReadAction","target":["https:\/\/about.myrx.care\/fr\/nous-contacter\/webinars\/"]}]},{"@type":"BreadcrumbList","@id":"https:\/\/about.myrx.care\/fr\/nous-contacter\/webinars\/#breadcrumb","itemListElement":[{"@type":"ListItem","position":1,"name":"Home","item":"https:\/\/about.myrx.care\/fr\/"},{"@type":"ListItem","position":2,"name":"Nous contacter","item":"https:\/\/about.myrx.care\/fr\/nous-contacter\/"},{"@type":"ListItem","position":3,"name":"Webinars"}]},{"@type":"WebSite","@id":"https:\/\/about.myrx.care\/#website","url":"https:\/\/about.myrx.care\/","name":"MyRx Care\u2122 provides support services such as patient access to financial reimbursement and adherence tools.","description":"Transforming the way pharmacies, payers and patients experience healthcare.","publisher":{"@id":"https:\/\/about.myrx.care\/#organization"},"potentialAction":[{"@type":"SearchAction","target":{"@type":"EntryPoint","urlTemplate":"https:\/\/about.myrx.care\/?s={search_term_string}"},"query-input":{"@type":"PropertyValueSpecification","valueRequired":true,"valueName":"search_term_string"}}],"inLanguage":"fr-FR"},{"@type":"Organization","@id":"https:\/\/about.myrx.care\/#organization","name":"MyRx Care\u2122 provides support services such as patient access to financial reimbursement and adherence tools.","url":"https:\/\/about.myrx.care\/","logo":{"@type":"ImageObject","inLanguage":"fr-FR","@id":"https:\/\/about.myrx.care\/#\/schema\/logo\/image\/","url":"https:\/\/cxn093.p3cdn1.secureserver.net\/wp-content\/uploads\/2018\/08\/MyRx_logo-TM.png?time=1676299238","contentUrl":"https:\/\/cxn093.p3cdn1.secureserver.net\/wp-content\/uploads\/2018\/08\/MyRx_logo-TM.png?time=1676299238","width":512,"height":512,"caption":"MyRx Care\u2122 provides support services such as patient access to financial reimbursement and adherence tools."},"image":{"@id":"https:\/\/about.myrx.care\/#\/schema\/logo\/image\/"},"sameAs":["https:\/\/www.facebook.com\/profile.php?id=100089307620118","https:\/\/www.instagram.com\/myrxcare\/","https:\/\/www.youtube.com\/@myrxcare","https:\/\/www.linkedin.com\/company\/myrx-care\/"]}]}},"_links":{"self":[{"href":"https:\/\/about.myrx.care\/fr\/wp-json\/wp\/v2\/pages\/1080","targetHints":{"allow":["GET"]}}],"collection":[{"href":"https:\/\/about.myrx.care\/fr\/wp-json\/wp\/v2\/pages"}],"about":[{"href":"https:\/\/about.myrx.care\/fr\/wp-json\/wp\/v2\/types\/page"}],"author":[{"embeddable":true,"href":"https:\/\/about.myrx.care\/fr\/wp-json\/wp\/v2\/users\/2"}],"replies":[{"embeddable":true,"href":"https:\/\/about.myrx.care\/fr\/wp-json\/wp\/v2\/comments?post=1080"}],"version-history":[{"count":5,"href":"https:\/\/about.myrx.care\/fr\/wp-json\/wp\/v2\/pages\/1080\/revisions"}],"predecessor-version":[{"id":1088,"href":"https:\/\/about.myrx.care\/fr\/wp-json\/wp\/v2\/pages\/1080\/revisions\/1088"}],"up":[{"embeddable":true,"href":"https:\/\/about.myrx.care\/fr\/wp-json\/wp\/v2\/pages\/1064"}],"wp:attachment":[{"href":"https:\/\/about.myrx.care\/fr\/wp-json\/wp\/v2\/media?parent=1080"}],"curies":[{"name":"wp","href":"https:\/\/api.w.org\/{rel}","templated":true}]}}