{"id":1255,"date":"2023-04-20T16:04:03","date_gmt":"2023-04-20T16:04:03","guid":{"rendered":"https:\/\/about.myrx.care\/?page_id=1255"},"modified":"2023-04-20T16:12:35","modified_gmt":"2023-04-20T16:12:35","slug":"les-pharmaciens-peuvent-desormais-demander-des-modifications-de-laide-financiere-pour-les-patients-du-programme-pharmascience-ally-par-lintermediaire-de-myrx-care","status":"publish","type":"page","link":"https:\/\/about.myrx.care\/fr\/aider\/videos-dassistance\/les-pharmaciens-peuvent-desormais-demander-des-modifications-de-laide-financiere-pour-les-patients-du-programme-pharmascience-ally-par-lintermediaire-de-myrx-care\/","title":{"rendered":"Les pharmaciens peuvent d\u00e9sormais demander des modifications de l&#8217;aide financi\u00e8re pour les patients du programme Pharmascience Ally par l&#8217;interm\u00e9diaire de MyRx Care\u2122."},"content":{"rendered":"\n<p>Bienvenue sur MyRx Care\u2122, le portail en ligne ultime pour les pharmaciens qui cherchent \u00e0 rationaliser la prise en charge financi\u00e8re des m\u00e9dicaments de leurs patients.<\/p>\n\n\n\n<figure class=\"wp-block-embed is-type-video is-provider-vimeo wp-block-embed-vimeo\"><div class=\"wp-block-embed__wrapper\">\n<iframe loading=\"lazy\" title=\"Comment les pharmaciens peuvent demander des changements d&#039;aide financi\u00e8re pour leurs patients sur le programme Ally\" src=\"https:\/\/player.vimeo.com\/video\/811051915?dnt=1&amp;app_id=122963\" width=\"500\" height=\"281\" frameborder=\"0\" allow=\"autoplay; fullscreen; picture-in-picture; clipboard-write\"><\/iframe>\n<\/div><\/figure>\n\n\n\n<p>Dans le cadre du programme Pharmascience Ally, MyRx Care\u2122 offre une solution simple et efficace aux pharmaciens pour demander des changements dans la couverture des m\u00e9dicaments de leurs patients.<\/p>\n\n\n\n<p>En utilisant notre formulaire en ligne, les pharmaciens peuvent rapidement et facilement soumettre les informations de leurs patients et demander les changements n\u00e9cessaires \u00e0 leur couverture.  <\/p>\n\n\n\n<p>Avec MyRx Care\u2122, les pharmaciens peuvent se concentrer sur la fourniture de soins exceptionnels aux patients, tandis que nous nous chargeons des t\u00e2ches administratives. Inscrivez vos patients au programme <a href=\"https:\/\/myrx.care\/fr\/ally\" target=\"_blank\" rel=\"noreferrer noopener\">Pharmascience Ally<\/a> d\u00e8s aujourd&#8217;hui et d\u00e9couvrez la commodit\u00e9 de MyRx Care\u2122.<\/p>\n","protected":false},"excerpt":{"rendered":"<p>Bienvenue sur MyRx Care\u2122, le portail en ligne ultime pour les pharmaciens qui cherchent \u00e0 rationaliser la prise en charge financi\u00e8re des m\u00e9dicaments de leurs patients. Dans le cadre du programme Pharmascience Ally, MyRx Care\u2122 offre une solution simple et efficace aux pharmaciens pour demander&#8230;<\/p>\n","protected":false},"author":3,"featured_media":0,"parent":1031,"menu_order":0,"comment_status":"closed","ping_status":"closed","template":"","meta":{"_coblocks_attr":"","_coblocks_dimensions":"","_coblocks_responsive_height":"","_coblocks_accordion_ie_support":"","footnotes":""},"class_list":["post-1255","page","type-page","status-publish","hentry"],"yoast_head":"<!-- This site is optimized with the Yoast SEO Premium plugin v27.4 (Yoast SEO v27.4) - https:\/\/yoast.com\/product\/yoast-seo-premium-wordpress\/ -->\n<title>Les pharmaciens peuvent d\u00e9sormais demander des modifications de l&#039;aide financi\u00e8re pour les patients du programme Pharmascience Ally par l&#039;interm\u00e9diaire de MyRx Care\u2122.<\/title>\n<meta name=\"description\" content=\"Dans le cadre du programme Pharmascience Ally, MyRx Care\u2122 offre une solution simple et efficace aux pharmaciens pour demander des changements dans la couverture des m\u00e9dicaments de leurs patients.\" \/>\n<meta name=\"robots\" content=\"index, follow, max-snippet:-1, max-image-preview:large, max-video-preview:-1\" \/>\n<link rel=\"canonical\" href=\"https:\/\/about.myrx.care\/fr\/aider\/videos-dassistance\/les-pharmaciens-peuvent-desormais-demander-des-modifications-de-laide-financiere-pour-les-patients-du-programme-pharmascience-ally-par-lintermediaire-de-myrx-care\/\" \/>\n<meta property=\"og:locale\" content=\"fr_FR\" \/>\n<meta property=\"og:type\" content=\"article\" \/>\n<meta property=\"og:title\" content=\"Les pharmaciens peuvent d\u00e9sormais demander des modifications de l&#039;aide financi\u00e8re pour les patients du programme Pharmascience Ally par l&#039;interm\u00e9diaire de MyRx Care\u2122.\" \/>\n<meta property=\"og:description\" content=\"Dans le cadre du programme Pharmascience Ally, MyRx Care\u2122 offre une solution simple et efficace aux pharmaciens pour demander des changements dans la couverture des m\u00e9dicaments de leurs patients.\" \/>\n<meta property=\"og:url\" content=\"https:\/\/about.myrx.care\/fr\/aider\/videos-dassistance\/les-pharmaciens-peuvent-desormais-demander-des-modifications-de-laide-financiere-pour-les-patients-du-programme-pharmascience-ally-par-lintermediaire-de-myrx-care\/\" \/>\n<meta property=\"og:site_name\" content=\"MyRx.care: Transforming the way pharmacies, payers and patients experience healthcare.\" \/>\n<meta property=\"article:publisher\" content=\"https:\/\/www.facebook.com\/profile.php?id=100089307620118\" \/>\n<meta property=\"article:modified_time\" content=\"2023-04-20T16:12:35+00:00\" \/>\n<meta name=\"twitter:card\" content=\"summary_large_image\" \/>\n<meta name=\"twitter:label1\" content=\"Dur\u00e9e de lecture estim\u00e9e\" \/>\n\t<meta name=\"twitter:data1\" content=\"1 minute\" \/>\n<script type=\"application\/ld+json\" class=\"yoast-schema-graph\">{\"@context\":\"https:\\\/\\\/schema.org\",\"@graph\":[{\"@type\":\"WebPage\",\"@id\":\"https:\\\/\\\/about.myrx.care\\\/fr\\\/aider\\\/videos-dassistance\\\/les-pharmaciens-peuvent-desormais-demander-des-modifications-de-laide-financiere-pour-les-patients-du-programme-pharmascience-ally-par-lintermediaire-de-myrx-care\\\/\",\"url\":\"https:\\\/\\\/about.myrx.care\\\/fr\\\/aider\\\/videos-dassistance\\\/les-pharmaciens-peuvent-desormais-demander-des-modifications-de-laide-financiere-pour-les-patients-du-programme-pharmascience-ally-par-lintermediaire-de-myrx-care\\\/\",\"name\":\"Les pharmaciens peuvent d\u00e9sormais demander des modifications de l'aide financi\u00e8re pour les patients du programme Pharmascience Ally par l'interm\u00e9diaire de MyRx Care\u2122.\",\"isPartOf\":{\"@id\":\"https:\\\/\\\/about.myrx.care\\\/#website\"},\"datePublished\":\"2023-04-20T16:04:03+00:00\",\"dateModified\":\"2023-04-20T16:12:35+00:00\",\"description\":\"Dans le cadre du programme Pharmascience Ally, MyRx Care\u2122 offre une solution simple et efficace aux pharmaciens pour demander des changements dans la couverture des m\u00e9dicaments de leurs patients.\",\"breadcrumb\":{\"@id\":\"https:\\\/\\\/about.myrx.care\\\/fr\\\/aider\\\/videos-dassistance\\\/les-pharmaciens-peuvent-desormais-demander-des-modifications-de-laide-financiere-pour-les-patients-du-programme-pharmascience-ally-par-lintermediaire-de-myrx-care\\\/#breadcrumb\"},\"inLanguage\":\"fr-FR\",\"potentialAction\":[{\"@type\":\"ReadAction\",\"target\":[\"https:\\\/\\\/about.myrx.care\\\/fr\\\/aider\\\/videos-dassistance\\\/les-pharmaciens-peuvent-desormais-demander-des-modifications-de-laide-financiere-pour-les-patients-du-programme-pharmascience-ally-par-lintermediaire-de-myrx-care\\\/\"]}]},{\"@type\":\"BreadcrumbList\",\"@id\":\"https:\\\/\\\/about.myrx.care\\\/fr\\\/aider\\\/videos-dassistance\\\/les-pharmaciens-peuvent-desormais-demander-des-modifications-de-laide-financiere-pour-les-patients-du-programme-pharmascience-ally-par-lintermediaire-de-myrx-care\\\/#breadcrumb\",\"itemListElement\":[{\"@type\":\"ListItem\",\"position\":1,\"name\":\"Home\",\"item\":\"https:\\\/\\\/about.myrx.care\\\/fr\\\/\"},{\"@type\":\"ListItem\",\"position\":2,\"name\":\"Aider\",\"item\":\"https:\\\/\\\/about.myrx.care\\\/fr\\\/aider\\\/\"},{\"@type\":\"ListItem\",\"position\":3,\"name\":\"Vid\u00e9os d&#8217;assistance\",\"item\":\"https:\\\/\\\/about.myrx.care\\\/fr\\\/aider\\\/videos-dassistance\\\/\"},{\"@type\":\"ListItem\",\"position\":4,\"name\":\"Les pharmaciens peuvent d\u00e9sormais demander des modifications de l&#8217;aide financi\u00e8re pour les patients du programme Pharmascience Ally par l&#8217;interm\u00e9diaire de MyRx Care\u2122.\"}]},{\"@type\":\"WebSite\",\"@id\":\"https:\\\/\\\/about.myrx.care\\\/#website\",\"url\":\"https:\\\/\\\/about.myrx.care\\\/\",\"name\":\"MyRx Care\u2122 provides support services such as patient access to financial reimbursement and adherence tools.\",\"description\":\"Transforming the way pharmacies, payers and patients experience healthcare.\",\"publisher\":{\"@id\":\"https:\\\/\\\/about.myrx.care\\\/#organization\"},\"potentialAction\":[{\"@type\":\"SearchAction\",\"target\":{\"@type\":\"EntryPoint\",\"urlTemplate\":\"https:\\\/\\\/about.myrx.care\\\/?s={search_term_string}\"},\"query-input\":{\"@type\":\"PropertyValueSpecification\",\"valueRequired\":true,\"valueName\":\"search_term_string\"}}],\"inLanguage\":\"fr-FR\"},{\"@type\":\"Organization\",\"@id\":\"https:\\\/\\\/about.myrx.care\\\/#organization\",\"name\":\"MyRx Care\u2122 provides support services such as patient access to financial reimbursement and adherence tools.\",\"url\":\"https:\\\/\\\/about.myrx.care\\\/\",\"logo\":{\"@type\":\"ImageObject\",\"inLanguage\":\"fr-FR\",\"@id\":\"https:\\\/\\\/about.myrx.care\\\/#\\\/schema\\\/logo\\\/image\\\/\",\"url\":\"https:\\\/\\\/cxn093.p3cdn1.secureserver.net\\\/wp-content\\\/uploads\\\/2018\\\/08\\\/MyRx_logo-TM.png?time=1676299238\",\"contentUrl\":\"https:\\\/\\\/cxn093.p3cdn1.secureserver.net\\\/wp-content\\\/uploads\\\/2018\\\/08\\\/MyRx_logo-TM.png?time=1676299238\",\"width\":512,\"height\":512,\"caption\":\"MyRx Care\u2122 provides support services such as patient access to financial reimbursement and adherence tools.\"},\"image\":{\"@id\":\"https:\\\/\\\/about.myrx.care\\\/#\\\/schema\\\/logo\\\/image\\\/\"},\"sameAs\":[\"https:\\\/\\\/www.facebook.com\\\/profile.php?id=100089307620118\",\"https:\\\/\\\/www.instagram.com\\\/myrxcare\\\/\",\"https:\\\/\\\/www.youtube.com\\\/@myrxcare\",\"https:\\\/\\\/www.linkedin.com\\\/company\\\/myrx-care\\\/\"]}]}<\/script>\n<!-- \/ Yoast SEO Premium plugin. -->","yoast_head_json":{"title":"Les pharmaciens peuvent d\u00e9sormais demander des modifications de l'aide financi\u00e8re pour les patients du programme Pharmascience Ally par l'interm\u00e9diaire de MyRx Care\u2122.","description":"Dans le cadre du programme Pharmascience Ally, MyRx Care\u2122 offre une solution simple et efficace aux pharmaciens pour demander des changements dans la couverture des m\u00e9dicaments de leurs patients.","robots":{"index":"index","follow":"follow","max-snippet":"max-snippet:-1","max-image-preview":"max-image-preview:large","max-video-preview":"max-video-preview:-1"},"canonical":"https:\/\/about.myrx.care\/fr\/aider\/videos-dassistance\/les-pharmaciens-peuvent-desormais-demander-des-modifications-de-laide-financiere-pour-les-patients-du-programme-pharmascience-ally-par-lintermediaire-de-myrx-care\/","og_locale":"fr_FR","og_type":"article","og_title":"Les pharmaciens peuvent d\u00e9sormais demander des modifications de l'aide financi\u00e8re pour les patients du programme Pharmascience Ally par l'interm\u00e9diaire de MyRx Care\u2122.","og_description":"Dans le cadre du programme Pharmascience Ally, MyRx Care\u2122 offre une solution simple et efficace aux pharmaciens pour demander des changements dans la couverture des m\u00e9dicaments de leurs patients.","og_url":"https:\/\/about.myrx.care\/fr\/aider\/videos-dassistance\/les-pharmaciens-peuvent-desormais-demander-des-modifications-de-laide-financiere-pour-les-patients-du-programme-pharmascience-ally-par-lintermediaire-de-myrx-care\/","og_site_name":"MyRx.care: Transforming the way pharmacies, payers and patients experience healthcare.","article_publisher":"https:\/\/www.facebook.com\/profile.php?id=100089307620118","article_modified_time":"2023-04-20T16:12:35+00:00","twitter_card":"summary_large_image","twitter_misc":{"Dur\u00e9e de lecture estim\u00e9e":"1 minute"},"schema":{"@context":"https:\/\/schema.org","@graph":[{"@type":"WebPage","@id":"https:\/\/about.myrx.care\/fr\/aider\/videos-dassistance\/les-pharmaciens-peuvent-desormais-demander-des-modifications-de-laide-financiere-pour-les-patients-du-programme-pharmascience-ally-par-lintermediaire-de-myrx-care\/","url":"https:\/\/about.myrx.care\/fr\/aider\/videos-dassistance\/les-pharmaciens-peuvent-desormais-demander-des-modifications-de-laide-financiere-pour-les-patients-du-programme-pharmascience-ally-par-lintermediaire-de-myrx-care\/","name":"Les pharmaciens peuvent d\u00e9sormais demander des modifications de l'aide financi\u00e8re pour les patients du programme Pharmascience Ally par l'interm\u00e9diaire de MyRx Care\u2122.","isPartOf":{"@id":"https:\/\/about.myrx.care\/#website"},"datePublished":"2023-04-20T16:04:03+00:00","dateModified":"2023-04-20T16:12:35+00:00","description":"Dans le cadre du programme Pharmascience Ally, MyRx Care\u2122 offre une solution simple et efficace aux pharmaciens pour demander des changements dans la couverture des m\u00e9dicaments de leurs patients.","breadcrumb":{"@id":"https:\/\/about.myrx.care\/fr\/aider\/videos-dassistance\/les-pharmaciens-peuvent-desormais-demander-des-modifications-de-laide-financiere-pour-les-patients-du-programme-pharmascience-ally-par-lintermediaire-de-myrx-care\/#breadcrumb"},"inLanguage":"fr-FR","potentialAction":[{"@type":"ReadAction","target":["https:\/\/about.myrx.care\/fr\/aider\/videos-dassistance\/les-pharmaciens-peuvent-desormais-demander-des-modifications-de-laide-financiere-pour-les-patients-du-programme-pharmascience-ally-par-lintermediaire-de-myrx-care\/"]}]},{"@type":"BreadcrumbList","@id":"https:\/\/about.myrx.care\/fr\/aider\/videos-dassistance\/les-pharmaciens-peuvent-desormais-demander-des-modifications-de-laide-financiere-pour-les-patients-du-programme-pharmascience-ally-par-lintermediaire-de-myrx-care\/#breadcrumb","itemListElement":[{"@type":"ListItem","position":1,"name":"Home","item":"https:\/\/about.myrx.care\/fr\/"},{"@type":"ListItem","position":2,"name":"Aider","item":"https:\/\/about.myrx.care\/fr\/aider\/"},{"@type":"ListItem","position":3,"name":"Vid\u00e9os d&#8217;assistance","item":"https:\/\/about.myrx.care\/fr\/aider\/videos-dassistance\/"},{"@type":"ListItem","position":4,"name":"Les pharmaciens peuvent d\u00e9sormais demander des modifications de l&#8217;aide financi\u00e8re pour les patients du programme Pharmascience Ally par l&#8217;interm\u00e9diaire de MyRx Care\u2122."}]},{"@type":"WebSite","@id":"https:\/\/about.myrx.care\/#website","url":"https:\/\/about.myrx.care\/","name":"MyRx Care\u2122 provides support services such as patient access to financial reimbursement and adherence tools.","description":"Transforming the way pharmacies, payers and patients experience healthcare.","publisher":{"@id":"https:\/\/about.myrx.care\/#organization"},"potentialAction":[{"@type":"SearchAction","target":{"@type":"EntryPoint","urlTemplate":"https:\/\/about.myrx.care\/?s={search_term_string}"},"query-input":{"@type":"PropertyValueSpecification","valueRequired":true,"valueName":"search_term_string"}}],"inLanguage":"fr-FR"},{"@type":"Organization","@id":"https:\/\/about.myrx.care\/#organization","name":"MyRx Care\u2122 provides support services such as patient access to financial reimbursement and adherence tools.","url":"https:\/\/about.myrx.care\/","logo":{"@type":"ImageObject","inLanguage":"fr-FR","@id":"https:\/\/about.myrx.care\/#\/schema\/logo\/image\/","url":"https:\/\/cxn093.p3cdn1.secureserver.net\/wp-content\/uploads\/2018\/08\/MyRx_logo-TM.png?time=1676299238","contentUrl":"https:\/\/cxn093.p3cdn1.secureserver.net\/wp-content\/uploads\/2018\/08\/MyRx_logo-TM.png?time=1676299238","width":512,"height":512,"caption":"MyRx Care\u2122 provides support services such as patient access to financial reimbursement and adherence tools."},"image":{"@id":"https:\/\/about.myrx.care\/#\/schema\/logo\/image\/"},"sameAs":["https:\/\/www.facebook.com\/profile.php?id=100089307620118","https:\/\/www.instagram.com\/myrxcare\/","https:\/\/www.youtube.com\/@myrxcare","https:\/\/www.linkedin.com\/company\/myrx-care\/"]}]}},"_links":{"self":[{"href":"https:\/\/about.myrx.care\/fr\/wp-json\/wp\/v2\/pages\/1255","targetHints":{"allow":["GET"]}}],"collection":[{"href":"https:\/\/about.myrx.care\/fr\/wp-json\/wp\/v2\/pages"}],"about":[{"href":"https:\/\/about.myrx.care\/fr\/wp-json\/wp\/v2\/types\/page"}],"author":[{"embeddable":true,"href":"https:\/\/about.myrx.care\/fr\/wp-json\/wp\/v2\/users\/3"}],"replies":[{"embeddable":true,"href":"https:\/\/about.myrx.care\/fr\/wp-json\/wp\/v2\/comments?post=1255"}],"version-history":[{"count":4,"href":"https:\/\/about.myrx.care\/fr\/wp-json\/wp\/v2\/pages\/1255\/revisions"}],"predecessor-version":[{"id":1260,"href":"https:\/\/about.myrx.care\/fr\/wp-json\/wp\/v2\/pages\/1255\/revisions\/1260"}],"up":[{"embeddable":true,"href":"https:\/\/about.myrx.care\/fr\/wp-json\/wp\/v2\/pages\/1031"}],"wp:attachment":[{"href":"https:\/\/about.myrx.care\/fr\/wp-json\/wp\/v2\/media?parent=1255"}],"curies":[{"name":"wp","href":"https:\/\/api.w.org\/{rel}","templated":true}]}}