{"id":1686,"date":"2024-11-26T14:38:31","date_gmt":"2024-11-26T14:38:31","guid":{"rendered":"https:\/\/about.myrx.care\/aider\/gestion-des-notifications-relatives-au-cycle-de-traitement-dans-lapplication-mobile-myrx-care-support\/"},"modified":"2024-11-26T19:13:54","modified_gmt":"2024-11-26T19:13:54","slug":"gestion-des-notifications-relatives-au-cycle-de-traitement-dans-lapplication-mobile-myrx-care-support","status":"publish","type":"page","link":"https:\/\/about.myrx.care\/fr\/aider\/myrx-care-support-videos\/gestion-des-notifications-relatives-au-cycle-de-traitement-dans-lapplication-mobile-myrx-care-support\/","title":{"rendered":"Gestion des notifications relatives au cycle de traitement dans l&#8217;application mobile MyRx Care\u2122 Support."},"content":{"rendered":"\n<p>Les notifications de cycle de traitement vous aident, vous ou votre patient, \u00e0 g\u00e9rer les cycles de traitement.<\/p>\n\n<p>La vid\u00e9o suivante montre comment fonctionnent les cycles de traitement et comment vous pouvez les g\u00e9rer dans l&#8217;application mobile MyRx Care Support.<\/p>\n\n<figure class=\"wp-block-embed is-type-video is-provider-vimeo wp-block-embed-vimeo\"><div class=\"wp-block-embed__wrapper\">\n<iframe loading=\"lazy\" title=\"Managing treatment cycle notifications\" src=\"https:\/\/player.vimeo.com\/video\/1033234927?dnt=1&amp;app_id=122963\" width=\"500\" height=\"281\" frameborder=\"0\" allow=\"autoplay; fullscreen; picture-in-picture; clipboard-write\"><\/iframe>\n<\/div><\/figure>\n\n<p><\/p>\n","protected":false},"excerpt":{"rendered":"<p>Les notifications de cycle de traitement vous aident, vous ou votre patient, \u00e0 g\u00e9rer les cycles de traitement. La vid\u00e9o suivante montre comment fonctionnent les cycles de traitement et comment vous pouvez les g\u00e9rer dans l&#8217;application mobile MyRx Care Support.<\/p>\n","protected":false},"author":3,"featured_media":0,"parent":1690,"menu_order":0,"comment_status":"closed","ping_status":"closed","template":"","meta":{"_coblocks_attr":"","_coblocks_dimensions":"","_coblocks_responsive_height":"","_coblocks_accordion_ie_support":"","footnotes":""},"class_list":["post-1686","page","type-page","status-publish","hentry"],"yoast_head":"<!-- This site is optimized with the Yoast SEO Premium plugin v27.4 (Yoast SEO v27.4) - https:\/\/yoast.com\/product\/yoast-seo-premium-wordpress\/ -->\n<title>Gestion des notifications relatives au cycle de traitement dans l&#039;application mobile MyRx Care\u2122 Support.<\/title>\n<meta name=\"description\" content=\"La vid\u00e9o suivante montre comment fonctionnent les cycles de traitement et comment vous pouvez les g\u00e9rer dans l&#039;application mobile MyRx Care Support.\" \/>\n<meta name=\"robots\" content=\"index, follow, max-snippet:-1, max-image-preview:large, max-video-preview:-1\" \/>\n<link rel=\"canonical\" href=\"https:\/\/about.myrx.care\/fr\/aider\/myrx-care-support-videos\/gestion-des-notifications-relatives-au-cycle-de-traitement-dans-lapplication-mobile-myrx-care-support\/\" \/>\n<meta property=\"og:locale\" content=\"fr_FR\" \/>\n<meta property=\"og:type\" content=\"article\" \/>\n<meta property=\"og:title\" content=\"Gestion des notifications relatives au cycle de traitement dans l&#039;application mobile MyRx Care\u2122 Support.\" \/>\n<meta property=\"og:description\" content=\"La vid\u00e9o suivante montre comment fonctionnent les cycles de traitement et comment vous pouvez les g\u00e9rer dans l&#039;application mobile MyRx Care Support.\" \/>\n<meta property=\"og:url\" content=\"https:\/\/about.myrx.care\/fr\/aider\/myrx-care-support-videos\/gestion-des-notifications-relatives-au-cycle-de-traitement-dans-lapplication-mobile-myrx-care-support\/\" \/>\n<meta property=\"og:site_name\" content=\"MyRx.care: Transforming the way pharmacies, payers and patients experience healthcare.\" \/>\n<meta property=\"article:publisher\" content=\"https:\/\/www.facebook.com\/profile.php?id=100089307620118\" \/>\n<meta property=\"article:modified_time\" content=\"2024-11-26T19:13:54+00:00\" \/>\n<meta name=\"twitter:card\" content=\"summary_large_image\" \/>\n<script type=\"application\/ld+json\" class=\"yoast-schema-graph\">{\"@context\":\"https:\\\/\\\/schema.org\",\"@graph\":[{\"@type\":\"WebPage\",\"@id\":\"https:\\\/\\\/about.myrx.care\\\/fr\\\/aider\\\/myrx-care-support-videos\\\/gestion-des-notifications-relatives-au-cycle-de-traitement-dans-lapplication-mobile-myrx-care-support\\\/\",\"url\":\"https:\\\/\\\/about.myrx.care\\\/fr\\\/aider\\\/myrx-care-support-videos\\\/gestion-des-notifications-relatives-au-cycle-de-traitement-dans-lapplication-mobile-myrx-care-support\\\/\",\"name\":\"Gestion des notifications relatives au cycle de traitement dans l'application mobile MyRx Care\u2122 Support.\",\"isPartOf\":{\"@id\":\"https:\\\/\\\/about.myrx.care\\\/#website\"},\"datePublished\":\"2024-11-26T14:38:31+00:00\",\"dateModified\":\"2024-11-26T19:13:54+00:00\",\"description\":\"La vid\u00e9o suivante montre comment fonctionnent les cycles de traitement et comment vous pouvez les g\u00e9rer dans l'application mobile MyRx Care Support.\",\"breadcrumb\":{\"@id\":\"https:\\\/\\\/about.myrx.care\\\/fr\\\/aider\\\/myrx-care-support-videos\\\/gestion-des-notifications-relatives-au-cycle-de-traitement-dans-lapplication-mobile-myrx-care-support\\\/#breadcrumb\"},\"inLanguage\":\"fr-FR\",\"potentialAction\":[{\"@type\":\"ReadAction\",\"target\":[\"https:\\\/\\\/about.myrx.care\\\/fr\\\/aider\\\/myrx-care-support-videos\\\/gestion-des-notifications-relatives-au-cycle-de-traitement-dans-lapplication-mobile-myrx-care-support\\\/\"]}]},{\"@type\":\"BreadcrumbList\",\"@id\":\"https:\\\/\\\/about.myrx.care\\\/fr\\\/aider\\\/myrx-care-support-videos\\\/gestion-des-notifications-relatives-au-cycle-de-traitement-dans-lapplication-mobile-myrx-care-support\\\/#breadcrumb\",\"itemListElement\":[{\"@type\":\"ListItem\",\"position\":1,\"name\":\"Home\",\"item\":\"https:\\\/\\\/about.myrx.care\\\/fr\\\/\"},{\"@type\":\"ListItem\",\"position\":2,\"name\":\"Aider\",\"item\":\"https:\\\/\\\/about.myrx.care\\\/fr\\\/aider\\\/\"},{\"@type\":\"ListItem\",\"position\":3,\"name\":\"MyRx Care\u2122 Support Videos\",\"item\":\"https:\\\/\\\/about.myrx.care\\\/fr\\\/myrx-care-support-videos\\\/\"},{\"@type\":\"ListItem\",\"position\":4,\"name\":\"Gestion des notifications relatives au cycle de traitement dans l&#8217;application mobile MyRx Care\u2122 Support.\"}]},{\"@type\":\"WebSite\",\"@id\":\"https:\\\/\\\/about.myrx.care\\\/#website\",\"url\":\"https:\\\/\\\/about.myrx.care\\\/\",\"name\":\"MyRx Care\u2122 provides support services such as patient access to financial reimbursement and adherence tools.\",\"description\":\"Transforming the way pharmacies, payers and patients experience healthcare.\",\"publisher\":{\"@id\":\"https:\\\/\\\/about.myrx.care\\\/#organization\"},\"potentialAction\":[{\"@type\":\"SearchAction\",\"target\":{\"@type\":\"EntryPoint\",\"urlTemplate\":\"https:\\\/\\\/about.myrx.care\\\/?s={search_term_string}\"},\"query-input\":{\"@type\":\"PropertyValueSpecification\",\"valueRequired\":true,\"valueName\":\"search_term_string\"}}],\"inLanguage\":\"fr-FR\"},{\"@type\":\"Organization\",\"@id\":\"https:\\\/\\\/about.myrx.care\\\/#organization\",\"name\":\"MyRx Care\u2122 provides support services such as patient access to financial reimbursement and adherence tools.\",\"url\":\"https:\\\/\\\/about.myrx.care\\\/\",\"logo\":{\"@type\":\"ImageObject\",\"inLanguage\":\"fr-FR\",\"@id\":\"https:\\\/\\\/about.myrx.care\\\/#\\\/schema\\\/logo\\\/image\\\/\",\"url\":\"https:\\\/\\\/cxn093.p3cdn1.secureserver.net\\\/wp-content\\\/uploads\\\/2018\\\/08\\\/MyRx_logo-TM.png?time=1676299238\",\"contentUrl\":\"https:\\\/\\\/cxn093.p3cdn1.secureserver.net\\\/wp-content\\\/uploads\\\/2018\\\/08\\\/MyRx_logo-TM.png?time=1676299238\",\"width\":512,\"height\":512,\"caption\":\"MyRx Care\u2122 provides support services such as patient access to financial reimbursement and adherence tools.\"},\"image\":{\"@id\":\"https:\\\/\\\/about.myrx.care\\\/#\\\/schema\\\/logo\\\/image\\\/\"},\"sameAs\":[\"https:\\\/\\\/www.facebook.com\\\/profile.php?id=100089307620118\",\"https:\\\/\\\/www.instagram.com\\\/myrxcare\\\/\",\"https:\\\/\\\/www.youtube.com\\\/@myrxcare\",\"https:\\\/\\\/www.linkedin.com\\\/company\\\/myrx-care\\\/\"]}]}<\/script>\n<!-- \/ Yoast SEO Premium plugin. -->","yoast_head_json":{"title":"Gestion des notifications relatives au cycle de traitement dans l'application mobile MyRx Care\u2122 Support.","description":"La vid\u00e9o suivante montre comment fonctionnent les cycles de traitement et comment vous pouvez les g\u00e9rer dans l'application mobile MyRx Care Support.","robots":{"index":"index","follow":"follow","max-snippet":"max-snippet:-1","max-image-preview":"max-image-preview:large","max-video-preview":"max-video-preview:-1"},"canonical":"https:\/\/about.myrx.care\/fr\/aider\/myrx-care-support-videos\/gestion-des-notifications-relatives-au-cycle-de-traitement-dans-lapplication-mobile-myrx-care-support\/","og_locale":"fr_FR","og_type":"article","og_title":"Gestion des notifications relatives au cycle de traitement dans l'application mobile MyRx Care\u2122 Support.","og_description":"La vid\u00e9o suivante montre comment fonctionnent les cycles de traitement et comment vous pouvez les g\u00e9rer dans l'application mobile MyRx Care Support.","og_url":"https:\/\/about.myrx.care\/fr\/aider\/myrx-care-support-videos\/gestion-des-notifications-relatives-au-cycle-de-traitement-dans-lapplication-mobile-myrx-care-support\/","og_site_name":"MyRx.care: Transforming the way pharmacies, payers and patients experience healthcare.","article_publisher":"https:\/\/www.facebook.com\/profile.php?id=100089307620118","article_modified_time":"2024-11-26T19:13:54+00:00","twitter_card":"summary_large_image","schema":{"@context":"https:\/\/schema.org","@graph":[{"@type":"WebPage","@id":"https:\/\/about.myrx.care\/fr\/aider\/myrx-care-support-videos\/gestion-des-notifications-relatives-au-cycle-de-traitement-dans-lapplication-mobile-myrx-care-support\/","url":"https:\/\/about.myrx.care\/fr\/aider\/myrx-care-support-videos\/gestion-des-notifications-relatives-au-cycle-de-traitement-dans-lapplication-mobile-myrx-care-support\/","name":"Gestion des notifications relatives au cycle de traitement dans l'application mobile MyRx Care\u2122 Support.","isPartOf":{"@id":"https:\/\/about.myrx.care\/#website"},"datePublished":"2024-11-26T14:38:31+00:00","dateModified":"2024-11-26T19:13:54+00:00","description":"La vid\u00e9o suivante montre comment fonctionnent les cycles de traitement et comment vous pouvez les g\u00e9rer dans l'application mobile MyRx Care Support.","breadcrumb":{"@id":"https:\/\/about.myrx.care\/fr\/aider\/myrx-care-support-videos\/gestion-des-notifications-relatives-au-cycle-de-traitement-dans-lapplication-mobile-myrx-care-support\/#breadcrumb"},"inLanguage":"fr-FR","potentialAction":[{"@type":"ReadAction","target":["https:\/\/about.myrx.care\/fr\/aider\/myrx-care-support-videos\/gestion-des-notifications-relatives-au-cycle-de-traitement-dans-lapplication-mobile-myrx-care-support\/"]}]},{"@type":"BreadcrumbList","@id":"https:\/\/about.myrx.care\/fr\/aider\/myrx-care-support-videos\/gestion-des-notifications-relatives-au-cycle-de-traitement-dans-lapplication-mobile-myrx-care-support\/#breadcrumb","itemListElement":[{"@type":"ListItem","position":1,"name":"Home","item":"https:\/\/about.myrx.care\/fr\/"},{"@type":"ListItem","position":2,"name":"Aider","item":"https:\/\/about.myrx.care\/fr\/aider\/"},{"@type":"ListItem","position":3,"name":"MyRx Care\u2122 Support Videos","item":"https:\/\/about.myrx.care\/fr\/myrx-care-support-videos\/"},{"@type":"ListItem","position":4,"name":"Gestion des notifications relatives au cycle de traitement dans l&#8217;application mobile MyRx Care\u2122 Support."}]},{"@type":"WebSite","@id":"https:\/\/about.myrx.care\/#website","url":"https:\/\/about.myrx.care\/","name":"MyRx Care\u2122 provides support services such as patient access to financial reimbursement and adherence tools.","description":"Transforming the way pharmacies, payers and patients experience healthcare.","publisher":{"@id":"https:\/\/about.myrx.care\/#organization"},"potentialAction":[{"@type":"SearchAction","target":{"@type":"EntryPoint","urlTemplate":"https:\/\/about.myrx.care\/?s={search_term_string}"},"query-input":{"@type":"PropertyValueSpecification","valueRequired":true,"valueName":"search_term_string"}}],"inLanguage":"fr-FR"},{"@type":"Organization","@id":"https:\/\/about.myrx.care\/#organization","name":"MyRx Care\u2122 provides support services such as patient access to financial reimbursement and adherence tools.","url":"https:\/\/about.myrx.care\/","logo":{"@type":"ImageObject","inLanguage":"fr-FR","@id":"https:\/\/about.myrx.care\/#\/schema\/logo\/image\/","url":"https:\/\/cxn093.p3cdn1.secureserver.net\/wp-content\/uploads\/2018\/08\/MyRx_logo-TM.png?time=1676299238","contentUrl":"https:\/\/cxn093.p3cdn1.secureserver.net\/wp-content\/uploads\/2018\/08\/MyRx_logo-TM.png?time=1676299238","width":512,"height":512,"caption":"MyRx Care\u2122 provides support services such as patient access to financial reimbursement and adherence tools."},"image":{"@id":"https:\/\/about.myrx.care\/#\/schema\/logo\/image\/"},"sameAs":["https:\/\/www.facebook.com\/profile.php?id=100089307620118","https:\/\/www.instagram.com\/myrxcare\/","https:\/\/www.youtube.com\/@myrxcare","https:\/\/www.linkedin.com\/company\/myrx-care\/"]}]}},"_links":{"self":[{"href":"https:\/\/about.myrx.care\/fr\/wp-json\/wp\/v2\/pages\/1686","targetHints":{"allow":["GET"]}}],"collection":[{"href":"https:\/\/about.myrx.care\/fr\/wp-json\/wp\/v2\/pages"}],"about":[{"href":"https:\/\/about.myrx.care\/fr\/wp-json\/wp\/v2\/types\/page"}],"author":[{"embeddable":true,"href":"https:\/\/about.myrx.care\/fr\/wp-json\/wp\/v2\/users\/3"}],"replies":[{"embeddable":true,"href":"https:\/\/about.myrx.care\/fr\/wp-json\/wp\/v2\/comments?post=1686"}],"version-history":[{"count":2,"href":"https:\/\/about.myrx.care\/fr\/wp-json\/wp\/v2\/pages\/1686\/revisions"}],"predecessor-version":[{"id":1693,"href":"https:\/\/about.myrx.care\/fr\/wp-json\/wp\/v2\/pages\/1686\/revisions\/1693"}],"up":[{"embeddable":true,"href":"https:\/\/about.myrx.care\/fr\/wp-json\/wp\/v2\/pages\/1690"}],"wp:attachment":[{"href":"https:\/\/about.myrx.care\/fr\/wp-json\/wp\/v2\/media?parent=1686"}],"curies":[{"name":"wp","href":"https:\/\/api.w.org\/{rel}","templated":true}]}}