{"id":1690,"date":"2024-11-26T14:49:50","date_gmt":"2024-11-26T14:49:50","guid":{"rendered":"https:\/\/about.myrx.care\/myrx-care-support-videos\/"},"modified":"2024-11-26T14:53:05","modified_gmt":"2024-11-26T14:53:05","slug":"myrx-care-support-videos","status":"publish","type":"page","link":"https:\/\/about.myrx.care\/fr\/aider\/myrx-care-support-videos\/","title":{"rendered":"MyRx Care\u2122 Support Videos"},"content":{"rendered":"\n<p>D\u00e9couvrez comment tirer le meilleur parti de votre application MyRx Care\u2122 Support gr\u00e2ce \u00e0 nos vid\u00e9os d&#8217;assistance faciles \u00e0 suivre. Que vous soyez un nouvel utilisateur cherchant \u00e0 d\u00e9marrer ou que vous ayez besoin de conseils sur des fonctionnalit\u00e9s avanc\u00e9es, cette section propose des tutoriels vid\u00e9o pas \u00e0 pas adapt\u00e9s \u00e0 vos besoins. De la gestion de votre compte \u00e0 l&#8217;acc\u00e8s aux ressources administratives, nous avons tout ce qu&#8217;il vous faut. Explorez notre biblioth\u00e8que et donnez-vous les moyens de prendre votre sant\u00e9 en main, une vid\u00e9o \u00e0 la fois !   <\/p>\n","protected":false},"excerpt":{"rendered":"<p>D\u00e9couvrez comment tirer le meilleur parti de votre application MyRx Care\u2122 Support gr\u00e2ce \u00e0 nos vid\u00e9os d&#8217;assistance faciles \u00e0 suivre. Que vous soyez un nouvel utilisateur cherchant \u00e0 d\u00e9marrer ou que vous ayez besoin de conseils sur des fonctionnalit\u00e9s avanc\u00e9es, cette section propose des tutoriels&#8230;<\/p>\n","protected":false},"author":1,"featured_media":0,"parent":1027,"menu_order":0,"comment_status":"closed","ping_status":"closed","template":"","meta":{"_coblocks_attr":"","_coblocks_dimensions":"","_coblocks_responsive_height":"","_coblocks_accordion_ie_support":"","footnotes":""},"class_list":["post-1690","page","type-page","status-publish","hentry"],"yoast_head":"<!-- This site is optimized with the Yoast SEO Premium plugin v27.4 (Yoast SEO v27.4) - https:\/\/yoast.com\/product\/yoast-seo-premium-wordpress\/ -->\n<title>MyRx Care\u2122 Support Videos<\/title>\n<meta name=\"robots\" content=\"index, follow, max-snippet:-1, max-image-preview:large, max-video-preview:-1\" \/>\n<link rel=\"canonical\" href=\"https:\/\/about.myrx.care\/fr\/myrx-care-support-videos\/\" \/>\n<meta property=\"og:locale\" content=\"fr_FR\" \/>\n<meta property=\"og:type\" content=\"article\" \/>\n<meta property=\"og:title\" content=\"MyRx Care\u2122 Support Videos\" \/>\n<meta property=\"og:description\" content=\"D\u00e9couvrez comment tirer le meilleur parti de votre application MyRx Care\u2122 Support gr\u00e2ce \u00e0 nos vid\u00e9os d&#8217;assistance faciles \u00e0 suivre. Que vous soyez un nouvel utilisateur cherchant \u00e0 d\u00e9marrer ou que vous ayez besoin de conseils sur des fonctionnalit\u00e9s avanc\u00e9es, cette section propose des tutoriels...\" \/>\n<meta property=\"og:url\" content=\"https:\/\/about.myrx.care\/fr\/myrx-care-support-videos\/\" \/>\n<meta property=\"og:site_name\" content=\"MyRx.care: Transforming the way pharmacies, payers and patients experience healthcare.\" \/>\n<meta property=\"article:publisher\" content=\"https:\/\/www.facebook.com\/profile.php?id=100089307620118\" \/>\n<meta property=\"article:modified_time\" content=\"2024-11-26T14:53:05+00:00\" \/>\n<meta name=\"twitter:card\" content=\"summary_large_image\" \/>\n<script type=\"application\/ld+json\" class=\"yoast-schema-graph\">{\"@context\":\"https:\\\/\\\/schema.org\",\"@graph\":[{\"@type\":\"WebPage\",\"@id\":\"https:\\\/\\\/about.myrx.care\\\/fr\\\/myrx-care-support-videos\\\/\",\"url\":\"https:\\\/\\\/about.myrx.care\\\/fr\\\/myrx-care-support-videos\\\/\",\"name\":\"MyRx Care\u2122 Support Videos\",\"isPartOf\":{\"@id\":\"https:\\\/\\\/about.myrx.care\\\/#website\"},\"datePublished\":\"2024-11-26T14:49:50+00:00\",\"dateModified\":\"2024-11-26T14:53:05+00:00\",\"breadcrumb\":{\"@id\":\"https:\\\/\\\/about.myrx.care\\\/fr\\\/myrx-care-support-videos\\\/#breadcrumb\"},\"inLanguage\":\"fr-FR\",\"potentialAction\":[{\"@type\":\"ReadAction\",\"target\":[\"https:\\\/\\\/about.myrx.care\\\/fr\\\/myrx-care-support-videos\\\/\"]}]},{\"@type\":\"BreadcrumbList\",\"@id\":\"https:\\\/\\\/about.myrx.care\\\/fr\\\/myrx-care-support-videos\\\/#breadcrumb\",\"itemListElement\":[{\"@type\":\"ListItem\",\"position\":1,\"name\":\"Home\",\"item\":\"https:\\\/\\\/about.myrx.care\\\/fr\\\/\"},{\"@type\":\"ListItem\",\"position\":2,\"name\":\"MyRx Care\u2122 Support Videos\"}]},{\"@type\":\"WebSite\",\"@id\":\"https:\\\/\\\/about.myrx.care\\\/#website\",\"url\":\"https:\\\/\\\/about.myrx.care\\\/\",\"name\":\"MyRx Care\u2122 provides support services such as patient access to financial reimbursement and adherence tools.\",\"description\":\"Transforming the way pharmacies, payers and patients experience healthcare.\",\"publisher\":{\"@id\":\"https:\\\/\\\/about.myrx.care\\\/#organization\"},\"potentialAction\":[{\"@type\":\"SearchAction\",\"target\":{\"@type\":\"EntryPoint\",\"urlTemplate\":\"https:\\\/\\\/about.myrx.care\\\/?s={search_term_string}\"},\"query-input\":{\"@type\":\"PropertyValueSpecification\",\"valueRequired\":true,\"valueName\":\"search_term_string\"}}],\"inLanguage\":\"fr-FR\"},{\"@type\":\"Organization\",\"@id\":\"https:\\\/\\\/about.myrx.care\\\/#organization\",\"name\":\"MyRx Care\u2122 provides support services such as patient access to financial reimbursement and adherence tools.\",\"url\":\"https:\\\/\\\/about.myrx.care\\\/\",\"logo\":{\"@type\":\"ImageObject\",\"inLanguage\":\"fr-FR\",\"@id\":\"https:\\\/\\\/about.myrx.care\\\/#\\\/schema\\\/logo\\\/image\\\/\",\"url\":\"https:\\\/\\\/cxn093.p3cdn1.secureserver.net\\\/wp-content\\\/uploads\\\/2018\\\/08\\\/MyRx_logo-TM.png?time=1676299238\",\"contentUrl\":\"https:\\\/\\\/cxn093.p3cdn1.secureserver.net\\\/wp-content\\\/uploads\\\/2018\\\/08\\\/MyRx_logo-TM.png?time=1676299238\",\"width\":512,\"height\":512,\"caption\":\"MyRx Care\u2122 provides support services such as patient access to financial reimbursement and adherence tools.\"},\"image\":{\"@id\":\"https:\\\/\\\/about.myrx.care\\\/#\\\/schema\\\/logo\\\/image\\\/\"},\"sameAs\":[\"https:\\\/\\\/www.facebook.com\\\/profile.php?id=100089307620118\",\"https:\\\/\\\/www.instagram.com\\\/myrxcare\\\/\",\"https:\\\/\\\/www.youtube.com\\\/@myrxcare\",\"https:\\\/\\\/www.linkedin.com\\\/company\\\/myrx-care\\\/\"]}]}<\/script>\n<!-- \/ Yoast SEO Premium plugin. -->","yoast_head_json":{"title":"MyRx Care\u2122 Support Videos","robots":{"index":"index","follow":"follow","max-snippet":"max-snippet:-1","max-image-preview":"max-image-preview:large","max-video-preview":"max-video-preview:-1"},"canonical":"https:\/\/about.myrx.care\/fr\/myrx-care-support-videos\/","og_locale":"fr_FR","og_type":"article","og_title":"MyRx Care\u2122 Support Videos","og_description":"D\u00e9couvrez comment tirer le meilleur parti de votre application MyRx Care\u2122 Support gr\u00e2ce \u00e0 nos vid\u00e9os d&#8217;assistance faciles \u00e0 suivre. Que vous soyez un nouvel utilisateur cherchant \u00e0 d\u00e9marrer ou que vous ayez besoin de conseils sur des fonctionnalit\u00e9s avanc\u00e9es, cette section propose des tutoriels...","og_url":"https:\/\/about.myrx.care\/fr\/myrx-care-support-videos\/","og_site_name":"MyRx.care: Transforming the way pharmacies, payers and patients experience healthcare.","article_publisher":"https:\/\/www.facebook.com\/profile.php?id=100089307620118","article_modified_time":"2024-11-26T14:53:05+00:00","twitter_card":"summary_large_image","schema":{"@context":"https:\/\/schema.org","@graph":[{"@type":"WebPage","@id":"https:\/\/about.myrx.care\/fr\/myrx-care-support-videos\/","url":"https:\/\/about.myrx.care\/fr\/myrx-care-support-videos\/","name":"MyRx Care\u2122 Support Videos","isPartOf":{"@id":"https:\/\/about.myrx.care\/#website"},"datePublished":"2024-11-26T14:49:50+00:00","dateModified":"2024-11-26T14:53:05+00:00","breadcrumb":{"@id":"https:\/\/about.myrx.care\/fr\/myrx-care-support-videos\/#breadcrumb"},"inLanguage":"fr-FR","potentialAction":[{"@type":"ReadAction","target":["https:\/\/about.myrx.care\/fr\/myrx-care-support-videos\/"]}]},{"@type":"BreadcrumbList","@id":"https:\/\/about.myrx.care\/fr\/myrx-care-support-videos\/#breadcrumb","itemListElement":[{"@type":"ListItem","position":1,"name":"Home","item":"https:\/\/about.myrx.care\/fr\/"},{"@type":"ListItem","position":2,"name":"MyRx Care\u2122 Support Videos"}]},{"@type":"WebSite","@id":"https:\/\/about.myrx.care\/#website","url":"https:\/\/about.myrx.care\/","name":"MyRx Care\u2122 provides support services such as patient access to financial reimbursement and adherence tools.","description":"Transforming the way pharmacies, payers and patients experience healthcare.","publisher":{"@id":"https:\/\/about.myrx.care\/#organization"},"potentialAction":[{"@type":"SearchAction","target":{"@type":"EntryPoint","urlTemplate":"https:\/\/about.myrx.care\/?s={search_term_string}"},"query-input":{"@type":"PropertyValueSpecification","valueRequired":true,"valueName":"search_term_string"}}],"inLanguage":"fr-FR"},{"@type":"Organization","@id":"https:\/\/about.myrx.care\/#organization","name":"MyRx Care\u2122 provides support services such as patient access to financial reimbursement and adherence tools.","url":"https:\/\/about.myrx.care\/","logo":{"@type":"ImageObject","inLanguage":"fr-FR","@id":"https:\/\/about.myrx.care\/#\/schema\/logo\/image\/","url":"https:\/\/cxn093.p3cdn1.secureserver.net\/wp-content\/uploads\/2018\/08\/MyRx_logo-TM.png?time=1676299238","contentUrl":"https:\/\/cxn093.p3cdn1.secureserver.net\/wp-content\/uploads\/2018\/08\/MyRx_logo-TM.png?time=1676299238","width":512,"height":512,"caption":"MyRx Care\u2122 provides support services such as patient access to financial reimbursement and adherence tools."},"image":{"@id":"https:\/\/about.myrx.care\/#\/schema\/logo\/image\/"},"sameAs":["https:\/\/www.facebook.com\/profile.php?id=100089307620118","https:\/\/www.instagram.com\/myrxcare\/","https:\/\/www.youtube.com\/@myrxcare","https:\/\/www.linkedin.com\/company\/myrx-care\/"]}]}},"_links":{"self":[{"href":"https:\/\/about.myrx.care\/fr\/wp-json\/wp\/v2\/pages\/1690","targetHints":{"allow":["GET"]}}],"collection":[{"href":"https:\/\/about.myrx.care\/fr\/wp-json\/wp\/v2\/pages"}],"about":[{"href":"https:\/\/about.myrx.care\/fr\/wp-json\/wp\/v2\/types\/page"}],"author":[{"embeddable":true,"href":"https:\/\/about.myrx.care\/fr\/wp-json\/wp\/v2\/users\/1"}],"replies":[{"embeddable":true,"href":"https:\/\/about.myrx.care\/fr\/wp-json\/wp\/v2\/comments?post=1690"}],"version-history":[{"count":1,"href":"https:\/\/about.myrx.care\/fr\/wp-json\/wp\/v2\/pages\/1690\/revisions"}],"predecessor-version":[{"id":1691,"href":"https:\/\/about.myrx.care\/fr\/wp-json\/wp\/v2\/pages\/1690\/revisions\/1691"}],"up":[{"embeddable":true,"href":"https:\/\/about.myrx.care\/fr\/wp-json\/wp\/v2\/pages\/1027"}],"wp:attachment":[{"href":"https:\/\/about.myrx.care\/fr\/wp-json\/wp\/v2\/media?parent=1690"}],"curies":[{"name":"wp","href":"https:\/\/api.w.org\/{rel}","templated":true}]}}